{"id":961,"date":"2018-11-12T09:36:56","date_gmt":"2018-11-12T08:36:56","guid":{"rendered":"https:\/\/test.guidesofzagreb.com\/?page_id=961"},"modified":"2023-11-21T10:13:32","modified_gmt":"2023-11-21T09:13:32","slug":"o-nama","status":"publish","type":"page","link":"https:\/\/test.guidesofzagreb.com\/en\/o-nama\/","title":{"rendered":"About Us"},"content":{"rendered":"<div data-elementor-type=\"wp-page\" data-elementor-id=\"961\" class=\"elementor elementor-961\">\n\t\t\t\t\t\t<section class=\"elementor-section elementor-top-section elementor-element elementor-element-493fba6 elementor-section-boxed elementor-section-height-default elementor-section-height-default\" data-id=\"493fba6\" data-element_type=\"section\" data-e-type=\"section\">\n\t\t\t\t\t\t<div class=\"elementor-container elementor-column-gap-default\">\n\t\t\t\t\t<div class=\"elementor-column elementor-col-100 elementor-top-column elementor-element elementor-element-48e0743b\" data-id=\"48e0743b\" data-element_type=\"column\" data-e-type=\"column\">\n\t\t\t<div class=\"elementor-widget-wrap elementor-element-populated\">\n\t\t\t\t\t\t<div class=\"elementor-element elementor-element-22fc1067 elementor-widget elementor-widget-text-editor\" data-id=\"22fc1067\" data-element_type=\"widget\" data-e-type=\"widget\" data-widget_type=\"text-editor.default\">\n\t\t\t\t<div class=\"elementor-widget-container\">\n\t\t\t\t\t\t\t\t\t<blockquote><p><strong>Welcome to the Association of Tourist Guides of Zagreb and the Central Croatian Macro Landscape, the leading provider of services of licensed tourist guides, since 1973.<\/strong><\/p><\/blockquote><p><br \/><br \/><\/p><hr \/><p>\u00a0<\/p><p>\u00a0<\/p><p><img fetchpriority=\"high\" decoding=\"async\" class=\"alignnone wp-image-5025\" src=\"https:\/\/test.guidesofzagreb.com\/wp-content\/uploads\/2023\/11\/image002-e1700557715288-300x163.jpg\" alt=\"\" width=\"350\" height=\"190\" srcset=\"https:\/\/test.guidesofzagreb.com\/wp-content\/uploads\/2023\/11\/image002-e1700557715288-300x163.jpg 300w, https:\/\/test.guidesofzagreb.com\/wp-content\/uploads\/2023\/11\/image002-e1700557715288-1024x557.jpg 1024w, https:\/\/test.guidesofzagreb.com\/wp-content\/uploads\/2023\/11\/image002-e1700557715288-768x417.jpg 768w, https:\/\/test.guidesofzagreb.com\/wp-content\/uploads\/2023\/11\/image002-e1700557715288-18x10.jpg 18w, https:\/\/test.guidesofzagreb.com\/wp-content\/uploads\/2023\/11\/image002-e1700557715288-24x13.jpg 24w, https:\/\/test.guidesofzagreb.com\/wp-content\/uploads\/2023\/11\/image002-e1700557715288-36x20.jpg 36w, https:\/\/test.guidesofzagreb.com\/wp-content\/uploads\/2023\/11\/image002-e1700557715288-48x26.jpg 48w, https:\/\/test.guidesofzagreb.com\/wp-content\/uploads\/2023\/11\/image002-e1700557715288.jpg 1056w\" sizes=\"(max-width: 350px) 100vw, 350px\" \/><\/p><p>\u00a0<\/p><p>\u00a0<\/p><p>\u00a0<\/p><p>Dobitnici zlatne Medalje Grada Zagreba za 2015. godinu\u00a0za poseban doprinos u promociji kulture, povijesti i turizma te uzoran uspjeh i nesebi\u010dno zalaganje u radu!<\/p><p>Godine 2013. smo ponosno obilje\u017eili 40 godina rada i postojanja. Nudimo usluge vi\u0161e od 100 licenciranih turisti\u010dkih vodi\u010da,\u00a0ve\u0107inom akademski obrazovanih gra\u0111ana\u00a0za obavljanje turisti\u010dkog razgledavanja Zagreba, njegove bli\u017ee i dalje okolice (Trako\u0161\u0107an,Vara\u017edin, Plitvice&#8230;), na vi\u0161e od 15 stranih jezika, te na me\u0111unarodnom znakovnom jeziku. Na usluzi smo turisti\u010dkim grupama, individualcima i \u0161kolskim skupinama.<br \/>Our mission is to provide services of professional, skilled and knowledgeable guides who will exceed clients' expectations on every level. Our licenced guides are specialists of various areas of interest; excellent communicators who are able to share their in-depth knowledge of Zagreb and Croatia in a fun and interesting way.<\/p><hr \/><p style=\"text-align: left;\"><strong><br \/>We provide services in the following languages:<\/strong><\/p><p><a title=\"Croatian\" href=\"https:\/\/test.guidesofzagreb.com\/en\/croatian-2\/\"><img decoding=\"async\" style=\"padding-bottom: 10px;\" src=\"https:\/\/test.guidesofzagreb.com\/wp-content\/uploads\/2019\/03\/croatia-300x300.png\" alt=\"\" width=\"35\" height=\"43\" \/><\/a><a title=\"Shqiptar\" href=\"https:\/\/test.guidesofzagreb.com\/en\/albanski\/\"><img decoding=\"async\" style=\"padding-bottom: 7px;\" src=\"https:\/\/test.guidesofzagreb.com\/wp-content\/uploads\/2019\/03\/albanian-300x300.png\" alt=\"\" width=\"35\" height=\"43\" \/><\/a><a title=\"\u010cesk\u00fd\" href=\"https:\/\/test.guidesofzagreb.com\/en\/czech\/\"><img loading=\"lazy\" decoding=\"async\" style=\"padding-bottom: 10px;\" src=\"https:\/\/test.guidesofzagreb.com\/wp-content\/uploads\/2019\/03\/czech_republic-300x300.png\" alt=\"\" width=\"35\" height=\"43\" \/><\/a><a title=\"English\" href=\"https:\/\/test.guidesofzagreb.com\/en\/english\/\"><img loading=\"lazy\" decoding=\"async\" style=\"padding-bottom: 10px;\" src=\"https:\/\/test.guidesofzagreb.com\/wp-content\/uploads\/2019\/03\/english-300x300.png\" alt=\"\" width=\"35\" height=\"43\" \/><\/a><a title=\"Fran\u00e7ais\" href=\"https:\/\/test.guidesofzagreb.com\/en\/french\/\"><img loading=\"lazy\" decoding=\"async\" style=\"padding-bottom: 10px;\" src=\"https:\/\/test.guidesofzagreb.com\/wp-content\/uploads\/2019\/03\/france-300x300.png\" alt=\"\" width=\"35\" height=\"43\" \/><\/a><a title=\"\u65e5\u672c\u306e\" href=\"https:\/\/test.guidesofzagreb.com\/en\/japanese\/\"><img loading=\"lazy\" decoding=\"async\" style=\"padding-bottom: 10px;\" src=\"https:\/\/test.guidesofzagreb.com\/wp-content\/uploads\/2019\/03\/japan-1-300x300.png\" alt=\"\" width=\"35\" height=\"43\" \/><\/a><a title=\"\u4e2d\u570b \/ \u4e2d\u56fd\" href=\"https:\/\/test.guidesofzagreb.com\/en\/chinese\/\"><img loading=\"lazy\" decoding=\"async\" style=\"padding-bottom: 10px;\" src=\"https:\/\/test.guidesofzagreb.com\/wp-content\/uploads\/2019\/03\/china-300x300.png\" alt=\"\" width=\"35\" height=\"43\" \/><\/a><a title=\"Magyar\" href=\"https:\/\/test.guidesofzagreb.com\/en\/hungarian\/\"><img loading=\"lazy\" decoding=\"async\" style=\"padding-bottom: 10px;\" src=\"https:\/\/test.guidesofzagreb.com\/wp-content\/uploads\/2019\/03\/hungary-300x300.png\" alt=\"\" width=\"35\" height=\"43\" \/><\/a><a title=\"Deutsch\" href=\"https:\/\/test.guidesofzagreb.com\/en\/german\/\"><img loading=\"lazy\" decoding=\"async\" style=\"padding-bottom: 10px;\" src=\"https:\/\/test.guidesofzagreb.com\/wp-content\/uploads\/2019\/03\/german-300x300.png\" alt=\"\" width=\"35\" height=\"43\" \/><\/a><a title=\"Polski\" href=\"https:\/\/test.guidesofzagreb.com\/en\/polish\/\"><img loading=\"lazy\" decoding=\"async\" style=\"padding-bottom: 10px;\" src=\"https:\/\/test.guidesofzagreb.com\/wp-content\/uploads\/2019\/03\/poland-1-300x300.png\" alt=\"\" width=\"35\" height=\"43\" \/><\/a><a title=\"Portugu\u00eas\" href=\"https:\/\/test.guidesofzagreb.com\/en\/portuguese\/\"><img loading=\"lazy\" decoding=\"async\" style=\"padding-bottom: 10px;\" src=\"https:\/\/test.guidesofzagreb.com\/wp-content\/uploads\/2019\/03\/portugal-300x300.png\" alt=\"\" width=\"35\" height=\"43\" \/><\/a><a title=\"Rom\u00e2nesc\" href=\"https:\/\/test.guidesofzagreb.com\/en\/romanian\/\"><img loading=\"lazy\" decoding=\"async\" style=\"padding-bottom: 10px;\" src=\"https:\/\/test.guidesofzagreb.com\/wp-content\/uploads\/2019\/03\/romanian-300x300.png\" alt=\"\" width=\"35\" height=\"43\" \/><\/a><a title=\"Russkiy \/ \u0440\u0443\u0441\u0441\u043a\u0438\u0439\" href=\"https:\/\/test.guidesofzagreb.com\/en\/russian\/\"><img loading=\"lazy\" decoding=\"async\" style=\"padding-bottom: 10px;\" src=\"https:\/\/test.guidesofzagreb.com\/wp-content\/uploads\/2019\/03\/russian-300x300.png\" alt=\"\" width=\"35\" height=\"43\" \/><\/a><a title=\"Slovensk\u00fd\" href=\"https:\/\/test.guidesofzagreb.com\/en\/slovak\/\"><img loading=\"lazy\" decoding=\"async\" style=\"padding-bottom: 10px;\" src=\"https:\/\/test.guidesofzagreb.com\/wp-content\/uploads\/2019\/03\/slovak-300x300.png\" alt=\"\" width=\"35\" height=\"43\" \/><\/a><a title=\"Sloven\u0161\u010dina\" href=\"https:\/\/test.guidesofzagreb.com\/en\/slovenian\/\"><img loading=\"lazy\" decoding=\"async\" style=\"padding-bottom: 10px;\" src=\"https:\/\/test.guidesofzagreb.com\/wp-content\/uploads\/2019\/03\/slovenian-300x300.png\" alt=\"\" width=\"35\" height=\"43\" \/><\/a><a title=\"Espa\u00f1ol\" href=\"https:\/\/test.guidesofzagreb.com\/en\/spanish\/\"><img loading=\"lazy\" decoding=\"async\" style=\"padding-bottom: 10px;\" src=\"https:\/\/test.guidesofzagreb.com\/wp-content\/uploads\/2019\/03\/spain-300x300.png\" alt=\"\" width=\"35\" height=\"43\" \/><\/a><a title=\"Italiano\" href=\"https:\/\/test.guidesofzagreb.com\/en\/italian\/\"><img loading=\"lazy\" decoding=\"async\" style=\"padding-bottom: 10px;\" src=\"https:\/\/test.guidesofzagreb.com\/wp-content\/uploads\/2019\/03\/italy-300x300.png\" alt=\"\" width=\"35\" height=\"43\" \/><\/a><a title=\"T\u00fcrk\" href=\"https:\/\/test.guidesofzagreb.com\/en\/turski-jezik\/\"><img loading=\"lazy\" decoding=\"async\" style=\"padding-bottom: 10px;\" src=\"https:\/\/test.guidesofzagreb.com\/wp-content\/uploads\/2019\/03\/turkey-300x300.png\" alt=\"\" width=\"35\" height=\"43\" \/><\/a><a title=\"Lietuvie\u0161u\" href=\"https:\/\/test.guidesofzagreb.com\/en\/litavski-jezik\/\"><img loading=\"lazy\" decoding=\"async\" style=\"padding-bottom: 10px;\" src=\"https:\/\/test.guidesofzagreb.com\/wp-content\/uploads\/2019\/03\/lithuanian-300x300.png\" alt=\"\" width=\"35\" height=\"43\" \/><\/a><a title=\"International sign language\" href=\"https:\/\/test.guidesofzagreb.com\/en\/international-sign-language\/\"><img loading=\"lazy\" decoding=\"async\" style=\"padding-bottom: 10px;\" src=\"https:\/\/test.guidesofzagreb.com\/wp-content\/uploads\/2018\/11\/signing-2baa6874a7868b62bd193039a978aaf0-300x300.png\" alt=\"\" width=\"35\" height=\"43\" \/><\/a><\/p><hr \/><p lang=\"hr-HR\" style=\"text-align: left;\" xml:lang=\"hr-HR\">-<\/p><p lang=\"hr-HR\" xml:lang=\"hr-HR\"><strong><a style=\"color: #0000ff;\" href=\"https:\/\/test.guidesofzagreb.com\/wp-content\/uploads\/2019\/02\/Statut-Drustvo-turistickih-vodica-Zagreba-Zagreb-Tourist-Guide-Association.pdf\">If you would like to know more about our statute click here.<\/a><\/strong><\/p><hr \/><h3 lang=\"hr-HR\" xml:lang=\"hr-HR\">\u00a0<\/h3><h3 lang=\"hr-HR\" style=\"text-align: center;\" xml:lang=\"hr-HR\"><strong>Management bodies<\/strong><\/h3><h5 style=\"text-align: center;\"><strong>Presidency:<\/strong><\/h5><p><div class=\"tmm tmm_predsjednistvo\"><div class=\"tmm_4_columns tmm_wrap tmm_theme_f\"><span class=\"tmm_two_containers_tablet\"><\/span><div class=\"tmm_container\"><div class=\"tmm_member\" style=\"border-top:#dd3333 solid 5px;\"><div class=\"tmm_photo tmm_pic_predsjednistvo_0\" style=\"background: url(https:\/\/test.guidesofzagreb.com\/wp-content\/uploads\/2018\/11\/Picture1.jpg); margin-left: auto; margin-right:auto; background-size:cover !important;\"><\/div><div class=\"tmm_textblock\"><div class=\"tmm_names\"><span class=\"tmm_fname\">Lana<\/span> <span class=\"tmm_lname\">Mari\u0107 &#8211; \u0160timac<\/span><\/div><div class=\"tmm_job\">Predsjednica dru\u0161tva<\/div><div class=\"tmm_scblock\"><\/div><\/div><\/div><div class=\"tmm_member\" style=\"border-top:#dd3333 solid 5px;\"><div class=\"tmm_textblock\"><div class=\"tmm_names\"><span class=\"tmm_fname\">Vladimir <\/span> <span class=\"tmm_lname\">Pra\u0161in<\/span><\/div><div class=\"tmm_job\">Tajnik dru\u0161tva<\/div><div class=\"tmm_scblock\"><\/div><\/div><\/div><span class=\"tmm_two_containers_tablet\"><\/span><div class=\"tmm_member\" style=\"border-top:#dd3333 solid 5px;\"><div class=\"tmm_photo tmm_pic_predsjednistvo_2\" style=\"background: url(https:\/\/test.guidesofzagreb.com\/wp-content\/uploads\/2023\/11\/IMG-20231120-WA0009.jpg); margin-left: auto; margin-right:auto; background-size:cover !important;\"><\/div><div class=\"tmm_textblock\"><div class=\"tmm_names\"><span class=\"tmm_fname\">Ivanka<\/span> <span class=\"tmm_lname\">Jurjevi\u0107 &#8211; Grkini\u0107<\/span><\/div><div class=\"tmm_job\">PRESIDENCY MEMBER<\/div><div class=\"tmm_scblock\"><\/div><\/div><\/div><div class=\"tmm_member\" style=\"border-top:#dd3333 solid 5px;\"><div class=\"tmm_photo tmm_pic_predsjednistvo_3\" style=\"background: url(https:\/\/test.guidesofzagreb.com\/wp-content\/uploads\/2018\/11\/Portret-1-2-1.jpg); margin-left: auto; margin-right:auto; background-size:cover !important;\"><\/div><div class=\"tmm_textblock\"><div class=\"tmm_names\"><span class=\"tmm_fname\">Adrijana<\/span> <span class=\"tmm_lname\">Radanovi\u0107<\/span><\/div><div class=\"tmm_job\">PRESIDENCY MEMBER<\/div><div class=\"tmm_scblock\"><\/div><\/div><\/div><span class=\"tmm_two_containers_tablet\"><\/span><\/div><span class=\"tmm_columns_containers_desktop\"><\/span><div class=\"tmm_container\"><div class=\"tmm_member\" style=\"border-top:#dd3333 solid 5px;\"><div class=\"tmm_textblock\"><div class=\"tmm_names\"><span class=\"tmm_fname\">Marta <\/span> <span class=\"tmm_lname\">Poli\u0107<\/span><\/div><div class=\"tmm_job\">PRESIDENCY MEMBER<\/div><div class=\"tmm_scblock\"><\/div><\/div><\/div><div class=\"tmm_member\" style=\"border-top:#dd3333 solid 5px;\"><div class=\"tmm_photo tmm_pic_predsjednistvo_5\" style=\"background: url(https:\/\/test.guidesofzagreb.com\/wp-content\/uploads\/2023\/11\/IMG-20231120-WA0000.jpg); margin-left: auto; margin-right:auto; background-size:cover !important;\"><\/div><div class=\"tmm_textblock\"><div class=\"tmm_names\"><span class=\"tmm_fname\">Sandra <\/span> <span class=\"tmm_lname\">Piro<\/span><\/div><div class=\"tmm_job\">PRESIDENCY MEMBER<\/div><div class=\"tmm_scblock\"><\/div><\/div><\/div><span class=\"tmm_two_containers_tablet\"><\/span><div class=\"tmm_member\" style=\"border-top:#dd3333 solid 5px;\"><div class=\"tmm_photo tmm_pic_predsjednistvo_6\" style=\"background: url(https:\/\/test.guidesofzagreb.com\/wp-content\/uploads\/2018\/11\/Mirela-Ze\u010devi\u0107.jpg); margin-left: auto; margin-right:auto; background-size:cover !important;\"><\/div><div class=\"tmm_textblock\"><div class=\"tmm_names\"><span class=\"tmm_fname\">Mirela<\/span> <span class=\"tmm_lname\">Ze\u010devi\u0107<\/span><\/div><div class=\"tmm_job\">PRESIDENCY MEMBER<\/div><div class=\"tmm_scblock\"><\/div><\/div><\/div><div style=\"clear:both;\"><\/div><\/div><\/div><\/div><\/p><hr \/><h5 style=\"text-align: center;\"><strong>Supervisory Board:<\/strong><\/h5><p><div class=\"tmm tmm_nadzorni-odbor\"><div class=\"tmm_4_columns tmm_wrap tmm_theme_f\"><span class=\"tmm_two_containers_tablet\"><\/span><div class=\"tmm_container\"><div class=\"tmm_member\" style=\"border-top:#00add8 solid 5px;\"><div class=\"tmm_photo tmm_pic_nadzorni-odbor_0\" style=\"background: url(https:\/\/test.guidesofzagreb.com\/wp-content\/uploads\/2018\/11\/Vladimir-Sviben-eng.jpg); margin-left: auto; margin-right:auto; background-size:cover !important;\"><\/div><div class=\"tmm_textblock\"><div class=\"tmm_names\"><span class=\"tmm_fname\">Vladimir<\/span> <span class=\"tmm_lname\">Sviben<\/span><\/div><div class=\"tmm_job\">Predsjednik nadzornog odbora<\/div><div class=\"tmm_scblock\"><\/div><\/div><\/div><div class=\"tmm_member\" style=\"border-top:#00add8 solid 5px;\"><div class=\"tmm_photo tmm_pic_nadzorni-odbor_1\" style=\"background: url(https:\/\/test.guidesofzagreb.com\/wp-content\/uploads\/2018\/11\/Anja-Bertol-Stipeti\u0107-eng-hrv.jpg); margin-left: auto; margin-right:auto; background-size:cover !important;\"><\/div><div class=\"tmm_textblock\"><div class=\"tmm_names\"><span class=\"tmm_fname\">Anja<\/span> <span class=\"tmm_lname\">Bertol-Stipeti\u0107<\/span><\/div><div class=\"tmm_job\">SUPREVISORY BOARD MEMBER<\/div><div class=\"tmm_scblock\"><\/div><\/div><\/div><span class=\"tmm_two_containers_tablet\"><\/span><div class=\"tmm_member\" style=\"border-top:#00add8 solid 5px;\"><div class=\"tmm_photo tmm_pic_nadzorni-odbor_2\" style=\"background: url(https:\/\/test.guidesofzagreb.com\/wp-content\/uploads\/2018\/11\/durdica-r.jpg); margin-left: auto; margin-right:auto; background-size:cover !important;\"><\/div><div class=\"tmm_textblock\"><div class=\"tmm_names\"><span class=\"tmm_fname\">\u0110ur\u0111ica<\/span> <span class=\"tmm_lname\">Ramqaj<\/span><\/div><div class=\"tmm_job\">SUPREVISORY BOARD MEMBER<\/div><div class=\"tmm_scblock\"><\/div><\/div><\/div><div style=\"clear:both;\"><\/div><\/div><\/div><\/div><\/p><hr \/><h5 style=\"text-align: center;\"><strong>Court of Honor:<\/strong><\/h5><p><div class=\"tmm tmm_sud-casti\"><div class=\"tmm_4_columns tmm_wrap tmm_theme_f\"><span class=\"tmm_two_containers_tablet\"><\/span><div class=\"tmm_container\"><div class=\"tmm_member\" style=\"border-top:#e2dc1f solid 5px;\"><div class=\"tmm_textblock\"><div class=\"tmm_names\"><span class=\"tmm_fname\">Maja <\/span> <span class=\"tmm_lname\">\u0160mit<\/span><\/div><div class=\"tmm_job\">COURT OF HONOR MEMBER<\/div><div class=\"tmm_scblock\"><\/div><\/div><\/div><div class=\"tmm_member\" style=\"border-top:#e2dc1f solid 5px;\"><div class=\"tmm_photo tmm_pic_sud-casti_1\" style=\"background: url(https:\/\/test.guidesofzagreb.com\/wp-content\/uploads\/2018\/11\/Maja_Boban.jpg); margin-left: auto; margin-right:auto; background-size:cover !important;\"><\/div><div class=\"tmm_textblock\"><div class=\"tmm_names\"><span class=\"tmm_fname\">Maja<\/span> <span class=\"tmm_lname\">Boban<\/span><\/div><div class=\"tmm_job\">COURT OF HONOR MEMBER<\/div><div class=\"tmm_scblock\"><\/div><\/div><\/div><span class=\"tmm_two_containers_tablet\"><\/span><div class=\"tmm_member\" style=\"border-top:#e2dc1f solid 5px;\"><div class=\"tmm_photo tmm_pic_sud-casti_2\" style=\"background: url(https:\/\/test.guidesofzagreb.com\/wp-content\/uploads\/2018\/11\/melita_miholek.jpg); margin-left: auto; margin-right:auto; background-size:cover !important;\"><\/div><div class=\"tmm_textblock\"><div class=\"tmm_names\"><span class=\"tmm_fname\">Melita<\/span> <span class=\"tmm_lname\">Miholek<\/span><\/div><div class=\"tmm_job\">COURT OF HONOR MEMBER<\/div><div class=\"tmm_scblock\"><\/div><\/div><\/div><div style=\"clear:both;\"><\/div><\/div><\/div><\/div><\/p><hr \/><h5 style=\"text-align: center;\"><strong>Administrative services:<\/strong><\/h5><p><div class=\"tmm tmm_blagajnik\"><div class=\"tmm_4_columns tmm_wrap tmm_theme_f\"><span class=\"tmm_two_containers_tablet\"><\/span><div class=\"tmm_container\"><div class=\"tmm_member\" style=\"border-top:#47d319 solid 5px;\"><div class=\"tmm_textblock\"><div class=\"tmm_names\"><span class=\"tmm_fname\">Mirela<\/span> <span class=\"tmm_lname\">Ze\u010devi\u0107<\/span><\/div><div class=\"tmm_job\">Blagajnik<\/div><div class=\"tmm_scblock\"><\/div><\/div><\/div><div style=\"clear:both;\"><\/div><\/div><\/div><\/div><\/p><h1>\u00a0<\/h1><h1>Educate yourself and others<\/h1><p>You want to become a member of the Association of Tourist Guides of Zagreb and the Central Croatian Macro Landscape or improve your Tourism Guide education at the right place!<\/p><p><a href=\"https:\/\/test.guidesofzagreb.com\/en\/postani-clan-drustva-turistickih-vodica-zagreb\/\">Become one of us<\/a><a href=\"https:\/\/test.guidesofzagreb.com\/en\/program-doobrazovanja-i-ostalih-aktivnosti\/\">By education to greater success<\/a><\/p><p><img decoding=\"async\" title=\"\" src=\"https:\/\/test.guidesofzagreb.com\/wp-content\/plugins\/elementor\/assets\/images\/placeholder.png\" alt=\"\" \/><\/p>\t\t\t\t\t\t\t\t<\/div>\n\t\t\t\t<\/div>\n\t\t\t\t\t<\/div>\n\t\t<\/div>\n\t\t\t\t\t<\/div>\n\t\t<\/section>\n\t\t\t\t<\/div>","protected":false},"excerpt":{"rendered":"<div class=\"slide-text-bg2\"><span>Welcome to the Association of Tourist Guides of Zagreb and the Central Croatian Macro Landscape, the leading provider of services of licensed tourist guides, since 1973. \u00a0<\/span><\/div>\n<div class=\"slide-btn-area-sm\"><a href=\"https:\/\/test.guidesofzagreb.com\/en\/blog\/tmm\/blagajnik\/\" class=\"slide-btn-sm\">Read More<\/a><\/div>","protected":false},"author":4,"featured_media":0,"parent":0,"menu_order":0,"comment_status":"closed","ping_status":"closed","template":"","meta":{"footnotes":""},"class_list":["post-961","page","type-page","status-publish","hentry"],"_links":{"self":[{"href":"https:\/\/test.guidesofzagreb.com\/en\/wp-json\/wp\/v2\/pages\/961","targetHints":{"allow":["GET"]}}],"collection":[{"href":"https:\/\/test.guidesofzagreb.com\/en\/wp-json\/wp\/v2\/pages"}],"about":[{"href":"https:\/\/test.guidesofzagreb.com\/en\/wp-json\/wp\/v2\/types\/page"}],"author":[{"embeddable":true,"href":"https:\/\/test.guidesofzagreb.com\/en\/wp-json\/wp\/v2\/users\/4"}],"replies":[{"embeddable":true,"href":"https:\/\/test.guidesofzagreb.com\/en\/wp-json\/wp\/v2\/comments?post=961"}],"version-history":[{"count":129,"href":"https:\/\/test.guidesofzagreb.com\/en\/wp-json\/wp\/v2\/pages\/961\/revisions"}],"predecessor-version":[{"id":5034,"href":"https:\/\/test.guidesofzagreb.com\/en\/wp-json\/wp\/v2\/pages\/961\/revisions\/5034"}],"wp:attachment":[{"href":"https:\/\/test.guidesofzagreb.com\/en\/wp-json\/wp\/v2\/media?parent=961"}],"curies":[{"name":"wp","href":"https:\/\/api.w.org\/{rel}","templated":true}]}}