{"id":94,"date":"2018-10-15T12:19:15","date_gmt":"2018-10-15T10:19:15","guid":{"rendered":"https:\/\/test.guidesofzagreb.com\/?page_id=94"},"modified":"2023-11-21T10:27:56","modified_gmt":"2023-11-21T09:27:56","slug":"usluge-2","status":"publish","type":"page","link":"https:\/\/test.guidesofzagreb.com\/en\/usluge-2\/","title":{"rendered":"Services"},"content":{"rendered":"<div data-elementor-type=\"wp-page\" data-elementor-id=\"94\" class=\"elementor elementor-94\">\n\t\t\t\t\t\t<section class=\"elementor-section elementor-top-section elementor-element elementor-element-63f66f0c elementor-section-boxed elementor-section-height-default elementor-section-height-default\" data-id=\"63f66f0c\" data-element_type=\"section\" data-e-type=\"section\">\n\t\t\t\t\t\t<div class=\"elementor-container elementor-column-gap-default\">\n\t\t\t\t\t<div class=\"elementor-column elementor-col-100 elementor-top-column elementor-element elementor-element-24d4942e\" data-id=\"24d4942e\" data-element_type=\"column\" data-e-type=\"column\">\n\t\t\t<div class=\"elementor-widget-wrap elementor-element-populated\">\n\t\t\t\t\t\t<div class=\"elementor-element elementor-element-79749c7 elementor-widget elementor-widget-text-editor\" data-id=\"79749c7\" data-element_type=\"widget\" data-e-type=\"widget\" data-widget_type=\"text-editor.default\">\n\t\t\t\t<div class=\"elementor-widget-container\">\n\t\t\t\t\t\t\t\t\t<h3>Standard Sightseeing Zagreb \u2013 up to 3 hours<\/h3>\n<p>Standardni razgled grada za goste koji dolaze autobusom sastoji se&nbsp; od panoramske vo\u017enje i razgleda pje\u0161ice.<\/p>\n<p>Prvi dio traje otprilike 45 min, a drugi otprilike dva sata. Panoramskom vo\u017enjom obuhva\u0107ena je &#8220;Zelena potkova&#8221; grada Zagreba, niz od 8 trgova-parkova iz 19. stolje\u0107a, nakon \u010dega slijedi kra\u0107i obilazak monumentalnog groblja Mirogoj. Razgledavanje pje\u0161ice obuhva\u0107a obilazak katedrale i \u0161etnju Gradecom (Gornjim gradom), pri \u010demu je uobi\u010dajeno zavr\u0161iti razgled na gradskoj tr\u017enici Dolac &#8211; \u201ctrbuhu grada\u201c ili na &nbsp;Trgu bana Jela\u010di\u0107a.&nbsp;<\/p>\n<p>Meeting point with the group: if the group is arriving, with our own bus, we suggest the V.Lisinski Concert Hall. A group guide can also come to a hotel or other facility if they are in the city center.&nbsp;<span style=\"letter-spacing: 0.2px;\">Mjesto susreta mo\u017ee biti i hotel ili bilo koje drugo mjesto koje Vam odgovara.<\/span><\/p>\n<h4>The price depends on the number of participants \u2013 <strong><span style=\"color: #0000ff;\"><a style=\"color: #0000ff;\" href=\"https:\/\/test.guidesofzagreb.com\/en\/cijenik\/\">Price List<\/a><\/span><\/strong><\/h4>\n<hr>\n<h3>Walking Tour \u2013 up to 2 hours<\/h3>\n<p>Business people or groups with a pressing timetable may choose this tour, including the sightseeing of Kaptol (Cathedral) and the Upper Town (Gradec). Meeting point: hotel (for hotels located in the City Center) or Tourism Information Center at Ban Jela\u010di\u0107 Square 11.<\/p>\n<h4>The price depends on the number of participants \u2013 <strong><span style=\"color: #0000ff;\"><a style=\"color: #0000ff;\" href=\"https:\/\/test.guidesofzagreb.com\/en\/cijenik\/\">Price List<\/a><\/span><\/strong><\/h4>\n<p><iframe src=\"https:\/\/www.google.com\/maps\/d\/u\/0\/embed?mid=1LoGCr84-2khEPveDhlDeMaaCmVRFYXJ7\" width=\"535\" height=\"400\"><\/iframe><iframe src=\"https:\/\/www.google.com\/maps\/d\/u\/0\/embed?mid=1A8481RcTuuo5gBsl6pSX5_dO2sLVXaxY\" width=\"535\" height=\"400\"><\/iframe><\/p>\n<h3>Na zahtjev smo u mogu\u0107nosti organizirati:<\/h3>\n<ul>\n<li>Sightseeing by car for individuals: city, surroundings and more distant sites around Zagreb such as Plitvice Lakes, \n<br> castles and chateaus, or Town of Vara\u017edin, the baroque pearl of Croatia<\/li>\n<li>Sightseeing of Mirogoj Cemetery (see above) with an emphasis on the tombs of eminent and famous persons<\/li>\n<li>Visit to the Maksimir Park, the sports and recreational center of Jarun, Lake Bundek...<\/li>\n<li>Visit to Medvedgrad, medieval citadel on Mt. Medvednica<\/li>\n<li>Visit to the charming Town of Samobor or other sites in Zagreb County<\/li>\n<li>Visit to the Church of St. Francis Xavier and the surrounding park<\/li>\n<li>Besplatne kuharske radionice (prilago\u0111eno i osobama s posebnim potrebama<\/li>\n<\/ul>\n<div><span style=\"font-weight: bold; color: #222222; font-family: Arial, Helvetica, sans-serif; font-size: small;\"><span style=\"font-size: 18pt; font-family: 'Open Sans', sans-serif;\">Turisti\u010dka vo\u0111enja i ture prilago\u0111ene djeci:<\/span><\/span><span style=\"color: #727272;\"><br><\/span><\/div>\n<div>&nbsp;<\/div>\n<div>\n<p><b>Gornji grad za klince i klinceze<\/b>&#8211; za vrti\u0107ke grupe i mla\u0111e \u0161kolarce- <b>do 4. Razreda<\/b><\/p>\n<p><span style=\"font-weight: normal;\">Mandu\u0161evac<\/span>,<span style=\"font-weight: normal; color: #727272; font-size: 15px; letter-spacing: 0.2px;\">Maketa grada Zagreba, Katedrala, Dolac, Krvavi most, Kamenita vrata, Kula Lotr\u0161\u010dak, Uspinja\u010da, tunel G<\/span><span style=\"letter-spacing: 0.2px;\">ri\u010d, Trg bana Jela\u010di\u0107a<\/span><span style=\"letter-spacing: 0.2px;\">&#8211; ture su prilago\u0111ene uzrastu, sa puno stihova, legendi, zagonetki i pje<\/span><span style=\"letter-spacing: 0.2px;\">smica<\/span><\/p>\n<p><b>Pri\u010de s Gri\u010da<\/b>&#8211; <span style=\"font-weight: normal;\">o Mandi i banu, \u0160estinskim ki\u0161obranima, Kamenitim vratima, Markovoj crkvi, Gri\u010dkom&nbsp;topu, tunelu ispod Gri\u010da i jo\u0161 puno zanimljivih stvari- ako imate malo vremena ( 45 min) a \u017eelite saznati puno.<\/span><\/p>\n<p><b>Tajne Kaptola<\/b>&#8211; <span style=\"font-weight: normal;\">O osnutku zagreba\u010dke biskupije, gradnji Katedrale i kaptolskih bedema,&nbsp; tajnam Dolca i Opatovine, potoku Medve\u0161\u010daku, kaptolskim kurijama,&nbsp; samostanima i kapelama, pa sve do parka Ribnjak, gdje zavr\u0161avamo pri\u010du.<\/span><\/p>\n<p><b>Parkovi Donjeg grada<\/b>&#8211; <span style=\"font-weight: normal;\">tko je bio Lenuzzi i kakvu je to potkovu ostavio Zagrebu, a tko Bolle i gdje je&nbsp;njegova gljiva? Po kome je dobio ime Zrinjevac, a po kome Tomislavac?Gdje su se stari Agrameri klizali i kome su aplaudirali u HNK?<\/span><\/p>\n<p><b>\u0160to to skriva Maksimir<\/b>&#8211; <span style=\"font-weight: normal;\">tko je izgradio Maksimir i poklonio ga gra\u0111anima, tko se kupao, a tko plovio jezerima, gdje su se sakrili bunkeri, a gdje vlak i parobrod?<\/span><\/p>\n<p><b>Zagreb prije svega<\/b><span style=\"font-weight: normal;\">&#8211; o Zagrebu od prapovijesnog do anti\u010dkog doba- prona\u0107i \u0107emo stare rimske nov\u010di\u0107e, ranokr\u0161\u0107anske nau\u0161nice, alate i uggsice iz \u017eeljeznog doba, pa \u010dak i kosti mamuta i spiljskog medvjeda, a vidjet \u0107emo i gdje se sakrilo Sunce i planete sun\u010devog sustava.<\/span><\/p>\n<p><b>Vje\u0161tice s Gri\u010da i njihova stra\u0161na pri\u010da<\/b>&#8211;&nbsp;<span style=\"font-weight: normal;\"> u \u0161etnji Gornjim gradom poslu\u0161ajte pri\u010du o<\/span> z<span style=\"font-weight: normal;\">agreba\u010dkim vje\u0161ticama.&nbsp; Saznajte kako su se prepoznavale, kako su \u010darobirale, kako su ih hvatali i kako im se sudilo. Obi\u0111ite najmra\u010dnije gornjogradske kutke i saznajte kako se obraniti od vje\u0161tica i pre\u017eivjeti stra\u0161ne po\u0161asti.<\/span><\/p>\n<p><b>FIT ture po \u0161tengama<\/b>&#8211; <span style=\"font-weight: normal;\">upoznajte gornjogradske \u0161tenge, oja\u010dajte sr\u010deko i mi\u0161i\u0107e- imamo tri ture, begginer, intermediate i advance- \u0161to je tura te\u017ea, to su pri\u010de zanimljivije.<\/span><\/p>\n<p><b>Zaljubljeni Zagreb za djecu<\/b>&#8211;<span style=\"font-weight: normal;\"> Ljubav pokre\u0107e svijet! A da nije ljubavi, ne bi ni Zagreba bilo! Kakve to ljubavne pri\u010de skriva stari grad saznajte u na\u0161im pri\u010dama o zaljubljenima u Zagreb i u Zagrebu&nbsp;<\/span><\/p>\n<p><b>Zagreb pod maskama-<\/b><span style=\"font-weight: normal;\"> tko je i\u0161ao u ma\u0161kare, a tko na maskenbal u starom Agramu? \u0160to zna\u010de maske i \u0161to se skriva iza njih, kada noriju ludi, a kad pametni? Saznajte sve o fa\u0161niku i pokladama od<\/span> <span style=\"font-weight: normal;\">va\u0161ih Agramerica.<\/span><\/p>\n<p>A<span style=\"font-weight: bold;\">dvent za djecu<\/span>&#8211; <span style=\"font-weight: normal;\">pri\u010de o Zagrebu u vrijeme Do\u0161a\u0161\u0107a od davnih vremena do dana\u0161njih dana. Koji su lijepi stari obi\u010daji ve\u0107 skoro zaboravljeni, \u0161to smo sa\u010duvali, a \u0161to novo uveli?Uskrs u starom Zagrebu- kako su stari purgeri slavili Uskrs, kaj su jeli i pili, kako su bojali jaja, \u010dega su se odricali,&nbsp; \u010demu veselili i kome se molili- saznajte u \u0161etnji najstarijim dijelom grada<\/span>.<\/p>\n<p><\/p>\n<p><b>Ilirski preporod u Zagrebu<\/b>&#8211; <span style=\"font-weight: normal;\">ako \u017eelite va\u0161im \u0161kolarcima pribli\u017eiti povijest i saznati neke zanimljivosti koje mo\u017eda ni Vi niste znali.<\/span><\/p>\n<p><b>Zagorka u Agramu<\/b>&#8211; <span style=\"font-weight: normal;\">o&nbsp; \u017eeni koja je hrabro kro\u010dila tamo gdje ni jedna suknja prije nje nije, koja je bila najtira\u017eniji hrvatski pisac svih vremena i prva politi\u010dka novinarka i svjetski&nbsp; poznata izvjestiteljica. Saznajte tajne o njezinom ljubavnom \u017eivotu, od kuda potje\u010du hrvatska imena Gordana, Sini\u0161a , Damir i koje je sve nepodop\u0161tine znala napraviti&nbsp; ta mala hrabra \u017eena.<\/span><\/p>\n<p><b>Noga ve\u0107 sama be\u017ei<\/b>&#8211; <span style=\"font-weight: normal;\">kak su i kam su putovali na\u0161i stari- saznajte sve o razvoju prometa u<\/span> s<span style=\"font-weight: normal;\">tarom Zagrebu, \u0161to je to omnibus, konjka i me\u0111uno\u017eno guralo, gdje su stari purgeri kupovali prve automobile i kako su polagali voza\u010dki ispit. A, za po\u010detak dobro prou\u010dite cestoredarstveni pravilnik o kretanju plo\u010dnikom.<\/span><\/p>\n<p><b>Zagreb Crafts<\/b>&#8211;&nbsp; <span style=\"font-weight: normal;\">nau\u010dite vi\u0161e o ljudima koji su izgradili ovaj grad- kako se postaje majstor, \u0161to su to cehovi, bratov\u0161tine i cimeri, a tko kalfe i \u0161egrti, maleri, \u0161najderi, ti\u0161leri i \u0161usteri.<\/span><\/p>\n<p><b>Slovenci u Zagrebu <\/b>\u2013<span style=\"font-weight: normal;\"> Zagreb u Slovencima &#8211; zanimljivosti o Slovenkama i Slovencima koji su stvarali&nbsp;povijest Zagreba. Vo\u0111enje mo\u017ee biti kostimirano, a pri\u010de ispripovijedane kroz lik Barbare Celjske\/Crne kraljice.<\/span><\/p>\n<p><b>Slovenci u Karlovcu<\/b> \u2013 <span style=\"font-weight: normal;\">Karlovac za Slovence od uvijek ima veliki zna\u010daj, nadasve zbog blizine granice izme\u0111u Slovenije i Hrvatske, rijeke Kupe koja povezuje i dijeli ove dvije dr\u017eave, u Karlovac se dolazilo na posao, ovdje se kupovalo, \u0161kolovalo&#8230; zanimljivosti o tome koji su Slovenci i gdje u Karlovcu na\u0161li svoje mjesto za stvaranje i \u017eivot.<\/span><\/p>\n<p><b>\u0160etnja s caricom Marijom Terezijom &#8211;<\/b> <span style=\"font-weight: normal;\">Privilegije koje je Karlovac dobio u vrijeme carice Marij Terezije imale su za cilj uzdignuti grad u status slobodnog kraljevskog grada i uvesti civilnu upravu. Zanimljivosti iz cari\u010dina \u017eivota uz interpretaciju kostimiranog turisti\u010dkog vodi\u010da.<\/span><\/p>\n<p><b>Dani mlina u rujnu, Rastoke<\/b> &#8211;<span style=\"font-weight: normal;\"> pripovjeda\u010dke ture, pri\u010de i lokalne legende pored slapova koji okre\u0107u vodena kola i pokre\u0107u mlinsko kamenje.<\/span><\/p>\n<p><b>Novi dvori, Zapre\u0161i\u0107<\/b> \u2013 <span style=\"font-weight: normal;\">no\u0107ne ture u liku \u010darobnice i slu\u0161kinje Marice<\/span><\/p>\n<p>P<b>ovijest i astronomija: u\u017eitak i zabava<\/b> &#8211; <span style=\"font-weight: normal;\">razgled u\u017eeg centra Zagreba i dijela Zagreba\u010dkog Sun\u010devog&nbsp;sustava uz interpretaciju povijesne jezgre Zagreba i osnova astronomije na na\u010din prilago\u0111en mla\u0111em&nbsp;uzrast<\/span><\/p>\n<p><\/p>\n<\/div>\t\t\t\t\t\t\t\t<\/div>\n\t\t\t\t<\/div>\n\t\t\t\t\t<\/div>\n\t\t<\/div>\n\t\t\t\t\t<\/div>\n\t\t<\/section>\n\t\t\t\t<\/div>","protected":false},"excerpt":{"rendered":"<div class=\"slide-text-bg2\"><span>Standardni razgled grada u trajanju do 3 sata Standardni razgled grada za goste koji dolaze autobusom sastoji se&nbsp; od panoramske vo\u017enje i razgleda pje<\/span><\/div>\n<div class=\"slide-btn-area-sm\"><a href=\"https:\/\/test.guidesofzagreb.com\/en\/usluge-2\/\" class=\"slide-btn-sm\">Read More<\/a><\/div>","protected":false},"author":1,"featured_media":0,"parent":0,"menu_order":0,"comment_status":"closed","ping_status":"closed","template":"","meta":{"footnotes":""},"class_list":["post-94","page","type-page","status-publish","hentry"],"_links":{"self":[{"href":"https:\/\/test.guidesofzagreb.com\/en\/wp-json\/wp\/v2\/pages\/94","targetHints":{"allow":["GET"]}}],"collection":[{"href":"https:\/\/test.guidesofzagreb.com\/en\/wp-json\/wp\/v2\/pages"}],"about":[{"href":"https:\/\/test.guidesofzagreb.com\/en\/wp-json\/wp\/v2\/types\/page"}],"author":[{"embeddable":true,"href":"https:\/\/test.guidesofzagreb.com\/en\/wp-json\/wp\/v2\/users\/1"}],"replies":[{"embeddable":true,"href":"https:\/\/test.guidesofzagreb.com\/en\/wp-json\/wp\/v2\/comments?post=94"}],"version-history":[{"count":123,"href":"https:\/\/test.guidesofzagreb.com\/en\/wp-json\/wp\/v2\/pages\/94\/revisions"}],"predecessor-version":[{"id":5041,"href":"https:\/\/test.guidesofzagreb.com\/en\/wp-json\/wp\/v2\/pages\/94\/revisions\/5041"}],"wp:attachment":[{"href":"https:\/\/test.guidesofzagreb.com\/en\/wp-json\/wp\/v2\/media?parent=94"}],"curies":[{"name":"wp","href":"https:\/\/api.w.org\/{rel}","templated":true}]}}