{"id":635,"date":"2018-11-02T20:08:53","date_gmt":"2018-11-02T19:08:53","guid":{"rendered":"https:\/\/test.guidesofzagreb.com\/?page_id=635"},"modified":"2019-09-13T21:25:18","modified_gmt":"2019-09-13T19:25:18","slug":"nacin-placanja","status":"publish","type":"page","link":"https:\/\/test.guidesofzagreb.com\/en\/nacin-placanja\/","title":{"rendered":"Payment Mode"},"content":{"rendered":"<p>Naru\u010ditelj pla\u0107a na temelju ponude sukladno Cjeniku usluge  prije izvr\u0161ene usluge na transakcijiski  ra\u010dun DTVZ-a, IBAN HR3623600001101477693, otvoren kod Zagreba\u010dke banke d.d., Zagreb.<\/p>\n<p>(Dru\u0161tvo ispostavlja ra\u010dune u ime i za ra\u010dun svojih \u010dlanova, po Ugovoru o djelu. Temeljem \u010dl. 90, st. 1 i st.2 Zakona o PDV-u, PDV  nije obra\u010dunat).<\/p>\n\r\n\t\t\t\t\t\n\r\n\t\t\t\t\t<!-- START UNITE GALLERY 1.7.62 -->\r\n\t\t\t\t\t\r\n\t\t\t\t\n\t\t\t<div id='unitegallery_1_1' class='unite-gallery' style='margin:0px auto;'>\n\t\t\t\t\n\n\t\t\t\t\t\t<img decoding=\"async\" alt=\"DSC_\"\n\t\t\t\t\t\t     src=\"\" data-image=\"https:\/\/test.guidesofzagreb.com\/wp-content\/uploads\/2018\/12\/DSC_.jpg\"\n\t\t\t\t\t\t     data-thumb=\"https:\/\/test.guidesofzagreb.com\/wp-content\/uploads\/2018\/12\/DSC_-300x200.jpg\"\n\t\t\t\t\t\t     title=\"\"\n\t\t\t\t\t\t     style=\"display:none\">\n\n\t\t\t\t\t\t<img decoding=\"async\" alt=\"croatia_zagreb_37\"\n\t\t\t\t\t\t     src=\"\" data-image=\"https:\/\/test.guidesofzagreb.com\/wp-content\/uploads\/2018\/11\/croatia_zagreb_37.jpg\"\n\t\t\t\t\t\t     data-thumb=\"https:\/\/test.guidesofzagreb.com\/wp-content\/uploads\/2018\/11\/croatia_zagreb_37-300x169.jpg\"\n\t\t\t\t\t\t     title=\"\"\n\t\t\t\t\t\t     style=\"display:none\">\n\n\t\t\t\t\t\t<img decoding=\"async\" alt=\"Untitled-4\"\n\t\t\t\t\t\t     src=\"\" data-image=\"https:\/\/test.guidesofzagreb.com\/wp-content\/uploads\/2018\/11\/Untitled-4.jpg\"\n\t\t\t\t\t\t     data-thumb=\"https:\/\/test.guidesofzagreb.com\/wp-content\/uploads\/2018\/11\/Untitled-4-300x133.jpg\"\n\t\t\t\t\t\t     title=\"\"\n\t\t\t\t\t\t     style=\"display:none\">\n\n\t\t\t\t\t\t<img decoding=\"async\" alt=\"uzivajte-u-boravku\"\n\t\t\t\t\t\t     src=\"\" data-image=\"https:\/\/test.guidesofzagreb.com\/wp-content\/uploads\/2018\/11\/uzivajte-u-boravku.png\"\n\t\t\t\t\t\t     data-thumb=\"https:\/\/test.guidesofzagreb.com\/wp-content\/uploads\/2018\/11\/uzivajte-u-boravku-300x133.png\"\n\t\t\t\t\t\t     title=\"\"\n\t\t\t\t\t\t     style=\"display:none\">\n\n\t\t\t\t\t\t<img decoding=\"async\" alt=\"mapa-grada\"\n\t\t\t\t\t\t     src=\"\" data-image=\"https:\/\/test.guidesofzagreb.com\/wp-content\/uploads\/2018\/11\/mapa-grada.jpg\"\n\t\t\t\t\t\t     data-thumb=\"https:\/\/test.guidesofzagreb.com\/wp-content\/uploads\/2018\/11\/mapa-grada-300x133.jpg\"\n\t\t\t\t\t\t     title=\"\"\n\t\t\t\t\t\t     style=\"display:none\">\n\n\t\t\t\t\t\t<img decoding=\"async\" alt=\"Untitled-1\"\n\t\t\t\t\t\t     src=\"\" data-image=\"https:\/\/test.guidesofzagreb.com\/wp-content\/uploads\/2018\/11\/Untitled-1.jpg\"\n\t\t\t\t\t\t     data-thumb=\"https:\/\/test.guidesofzagreb.com\/wp-content\/uploads\/2018\/11\/Untitled-1-300x133.jpg\"\n\t\t\t\t\t\t     title=\"\"\n\t\t\t\t\t\t     style=\"display:none\">\n\n\t\t\t\t\t\t<img decoding=\"async\" alt=\"tomislavac\"\n\t\t\t\t\t\t     src=\"\" data-image=\"https:\/\/test.guidesofzagreb.com\/wp-content\/uploads\/2018\/11\/tomislavac.jpg\"\n\t\t\t\t\t\t     data-thumb=\"https:\/\/test.guidesofzagreb.com\/wp-content\/uploads\/2018\/11\/tomislavac-300x133.jpg\"\n\t\t\t\t\t\t     title=\"\"\n\t\t\t\t\t\t     style=\"display:none\">\n\n\t\t\t\t\t\t<img decoding=\"async\" alt=\"Panorama-Zagreba\"\n\t\t\t\t\t\t     src=\"\" data-image=\"https:\/\/test.guidesofzagreb.com\/wp-content\/uploads\/2018\/11\/Panorama-Zagreba.jpg\"\n\t\t\t\t\t\t     data-thumb=\"https:\/\/test.guidesofzagreb.com\/wp-content\/uploads\/2018\/11\/Panorama-Zagreba-300x133.jpg\"\n\t\t\t\t\t\t     title=\"\"\n\t\t\t\t\t\t     style=\"display:none\">\n\n\t\t\t\t\t\t<img decoding=\"async\" alt=\"Untitled-3 copy\"\n\t\t\t\t\t\t     src=\"\" data-image=\"https:\/\/test.guidesofzagreb.com\/wp-content\/uploads\/2018\/11\/Untitled-3-copy.jpg\"\n\t\t\t\t\t\t     data-thumb=\"https:\/\/test.guidesofzagreb.com\/wp-content\/uploads\/2018\/11\/Untitled-3-copy-300x133.jpg\"\n\t\t\t\t\t\t     title=\"\"\n\t\t\t\t\t\t     style=\"display:none\">\n\n\t\t\t\t\t\t<img decoding=\"async\" alt=\"croatia-des-3\"\n\t\t\t\t\t\t     src=\"\" data-image=\"https:\/\/test.guidesofzagreb.com\/wp-content\/uploads\/2018\/12\/croatia-des-3.jpg\"\n\t\t\t\t\t\t     data-thumb=\"https:\/\/test.guidesofzagreb.com\/wp-content\/uploads\/2018\/12\/croatia-des-3-300x204.jpg\"\n\t\t\t\t\t\t     title=\"\"\n\t\t\t\t\t\t     style=\"display:none\">\n\n\t\t\t\t\t\t<img decoding=\"async\" alt=\"DSC05361\"\n\t\t\t\t\t\t     src=\"\" data-image=\"https:\/\/test.guidesofzagreb.com\/wp-content\/uploads\/2018\/11\/DSC05361-1.jpg\"\n\t\t\t\t\t\t     data-thumb=\"https:\/\/test.guidesofzagreb.com\/wp-content\/uploads\/2018\/11\/DSC05361-1-300x102.jpg\"\n\t\t\t\t\t\t     title=\"\"\n\t\t\t\t\t\t     style=\"display:none\">\n\n\t\t\t\t\t\t<img decoding=\"async\" alt=\"zg\"\n\t\t\t\t\t\t     src=\"\" data-image=\"https:\/\/test.guidesofzagreb.com\/wp-content\/uploads\/2019\/02\/zg.jpg\"\n\t\t\t\t\t\t     data-thumb=\"https:\/\/test.guidesofzagreb.com\/wp-content\/uploads\/2019\/02\/zg-300x200.jpg\"\n\t\t\t\t\t\t     title=\"\"\n\t\t\t\t\t\t     style=\"display:none\">\n\t\t\t<\/div>\n\n\t\t\t<script type='text\/javascript'>\n\t\t\t\twindow.onload = function(e) {\n\t\t\t\t\tif(typeof ugCheckForErrors == \"undefined\"){\n\t\t\t\t\t\tdocument.getElementById(\"unitegallery_1_1\").innerHTML = \"<span style='color:red'>Unite Gallery Error - gallery js and css files not included in the footer. Please make sure that wp_footer() function is added to your theme.<\/span>\";}\n\t\t\t\t\telse{ ugCheckForErrors(\"unitegallery_1_1\", \"jquery\");}\n\t\t\t\t};\n\t\t\t<\/script>\n\n\t\t\t<!-- END UNITEGALLERY -->","protected":false},"excerpt":{"rendered":"<div class=\"slide-text-bg2\"><span>Naru\u010ditelj pla\u0107a na temelju ponude sukladno Cjeniku usluge prije izvr\u0161ene usluge na transakcijiski ra\u010dun DTVZ-a, IBAN HR3623600001101477693, otvoren ko<\/span><\/div>\n<div class=\"slide-btn-area-sm\"><a href=\"https:\/\/test.guidesofzagreb.com\/en\/nacin-placanja\/\" class=\"slide-btn-sm\">Read More<\/a><\/div>","protected":false},"author":1,"featured_media":0,"parent":0,"menu_order":0,"comment_status":"closed","ping_status":"closed","template":"","meta":{"footnotes":""},"class_list":["post-635","page","type-page","status-publish","hentry"],"_links":{"self":[{"href":"https:\/\/test.guidesofzagreb.com\/en\/wp-json\/wp\/v2\/pages\/635","targetHints":{"allow":["GET"]}}],"collection":[{"href":"https:\/\/test.guidesofzagreb.com\/en\/wp-json\/wp\/v2\/pages"}],"about":[{"href":"https:\/\/test.guidesofzagreb.com\/en\/wp-json\/wp\/v2\/types\/page"}],"author":[{"embeddable":true,"href":"https:\/\/test.guidesofzagreb.com\/en\/wp-json\/wp\/v2\/users\/1"}],"replies":[{"embeddable":true,"href":"https:\/\/test.guidesofzagreb.com\/en\/wp-json\/wp\/v2\/comments?post=635"}],"version-history":[{"count":83,"href":"https:\/\/test.guidesofzagreb.com\/en\/wp-json\/wp\/v2\/pages\/635\/revisions"}],"predecessor-version":[{"id":4172,"href":"https:\/\/test.guidesofzagreb.com\/en\/wp-json\/wp\/v2\/pages\/635\/revisions\/4172"}],"wp:attachment":[{"href":"https:\/\/test.guidesofzagreb.com\/en\/wp-json\/wp\/v2\/media?parent=635"}],"curies":[{"name":"wp","href":"https:\/\/api.w.org\/{rel}","templated":true}]}}