{"id":4879,"date":"2022-02-12T11:30:18","date_gmt":"2022-02-12T10:30:18","guid":{"rendered":"https:\/\/test.guidesofzagreb.com\/?page_id=4879"},"modified":"2022-02-25T15:22:48","modified_gmt":"2022-02-25T14:22:48","slug":"ninoslav-andrasevic","status":"publish","type":"page","link":"https:\/\/test.guidesofzagreb.com\/en\/ninoslav-andrasevic\/","title":{"rendered":"Ninoslav Andra\u0161evi\u0107"},"content":{"rendered":"<div class=\"wp-block-media-text alignwide is-stacked-on-mobile\"><figure class=\"wp-block-media-text__media\"><img decoding=\"async\" width=\"200\" height=\"249\" src=\"https:\/\/test.guidesofzagreb.com\/wp-content\/uploads\/2018\/11\/Andrasevic_Ninoslav-eng-njem.jpg\" alt=\"\" class=\"wp-image-2671 size-full\"\/><\/figure><div class=\"wp-block-media-text__content\">\n<p class=\"has-large-font-size\">Ninoslav Andra\u0161evi\u0107<\/p>\n\n\n\n<p>Ro\u0111en u Zagreb, po zavr\u0161etku \u0161kolovanja u Klasi\u010dnoj gimnaziji i na Pravnom fakultetu, nastavio izobrazbu u Zapadnoj Njema\u010dkoj i Velikoj Britaniji. Po povratku u Hrvatsku, nekoliko godina radi kao pravnik i potom se vi\u0161e od 30 godina posve\u0107uje poslovima profesionalnog turisti\u010dkog vo\u0111enja. \u010clan Dru\u0161tva od 1985.<\/p>\n\n\n\n<p>Certificiran za Grad Zagreb, \u017eupanije Zagreba\u010dku, Krapinsko-zagorsku, Me\u0111imursku, Vara\u017edinsku, Koprivni\u010dko-kri\u017eeva\u010dku, Bjelovarsko-bilogorsku, Viroviti\u010dko-podravsku, Karlova\u010dku, Sisa\u010dko-moslava\u010dku, Li\u010dko-senjsku, Istarsku, Primorsko-goransku, Zadarsko-kninsku, \u0160ibensku, Splitsko-dalmatinsku, Dubrova\u010dko-neretvansku, te Bosansko-hercegova\u010dki turisti\u010dki region.<\/p>\n\n\n\n<p>Jezici: njema\u010dki, engleski, hrvatski<\/p>\n<\/div><\/div>\n\n\n\n<p><\/p>","protected":false},"excerpt":{"rendered":"<div class=\"slide-text-bg2\"><span>Ninoslav Andra\u0161evi\u0107 Ro\u0111en u Zagreb, po zavr\u0161etku \u0161kolovanja u Klasi\u010dnoj gimnaziji i na Pravnom fakultetu, nastavio izobrazbu u Zapadnoj Njema\u010dkoj i <\/span><\/div>\n<div class=\"slide-btn-area-sm\"><a href=\"https:\/\/test.guidesofzagreb.com\/en\/ninoslav-andrasevic\/\" class=\"slide-btn-sm\">Read More<\/a><\/div>","protected":false},"author":4,"featured_media":0,"parent":0,"menu_order":0,"comment_status":"closed","ping_status":"closed","template":"","meta":{"footnotes":""},"class_list":["post-4879","page","type-page","status-publish","hentry"],"_links":{"self":[{"href":"https:\/\/test.guidesofzagreb.com\/en\/wp-json\/wp\/v2\/pages\/4879","targetHints":{"allow":["GET"]}}],"collection":[{"href":"https:\/\/test.guidesofzagreb.com\/en\/wp-json\/wp\/v2\/pages"}],"about":[{"href":"https:\/\/test.guidesofzagreb.com\/en\/wp-json\/wp\/v2\/types\/page"}],"author":[{"embeddable":true,"href":"https:\/\/test.guidesofzagreb.com\/en\/wp-json\/wp\/v2\/users\/4"}],"replies":[{"embeddable":true,"href":"https:\/\/test.guidesofzagreb.com\/en\/wp-json\/wp\/v2\/comments?post=4879"}],"version-history":[{"count":2,"href":"https:\/\/test.guidesofzagreb.com\/en\/wp-json\/wp\/v2\/pages\/4879\/revisions"}],"predecessor-version":[{"id":4898,"href":"https:\/\/test.guidesofzagreb.com\/en\/wp-json\/wp\/v2\/pages\/4879\/revisions\/4898"}],"wp:attachment":[{"href":"https:\/\/test.guidesofzagreb.com\/en\/wp-json\/wp\/v2\/media?parent=4879"}],"curies":[{"name":"wp","href":"https:\/\/api.w.org\/{rel}","templated":true}]}}