{"id":4849,"date":"2022-01-19T17:34:03","date_gmt":"2022-01-19T16:34:03","guid":{"rendered":"https:\/\/test.guidesofzagreb.com\/?page_id=4849"},"modified":"2022-01-19T17:35:08","modified_gmt":"2022-01-19T16:35:08","slug":"milena-mandic","status":"publish","type":"page","link":"https:\/\/test.guidesofzagreb.com\/en\/milena-mandic\/","title":{"rendered":"Milena Mandi\u0107"},"content":{"rendered":"<div class=\"wp-block-media-text alignwide is-stacked-on-mobile\"><figure class=\"wp-block-media-text__media\"><img fetchpriority=\"high\" decoding=\"async\" width=\"225\" height=\"300\" src=\"https:\/\/test.guidesofzagreb.com\/wp-content\/uploads\/2021\/07\/milena-225x300.jpg\" alt=\"\" class=\"wp-image-4589 size-medium\" srcset=\"https:\/\/test.guidesofzagreb.com\/wp-content\/uploads\/2021\/07\/milena-225x300.jpg 225w, https:\/\/test.guidesofzagreb.com\/wp-content\/uploads\/2021\/07\/milena-9x12.jpg 9w, https:\/\/test.guidesofzagreb.com\/wp-content\/uploads\/2021\/07\/milena-rotated.jpg 415w\" sizes=\"(max-width: 225px) 100vw, 225px\" \/><\/figure><div class=\"wp-block-media-text__content\">\n<p>Milena Mandi\u0107<\/p>\n\n\n\n<p>I am a retired university professor (Prof. Dr. Sc.) of nutrition. As a professor, I traveled a lot around the world. After retirement, following the trend of lifelong learning, I passed for a tour manager, as well as for tourist guide for City of Zagreb, Zagreb, Lika-Senj, Karlovac and Primorje-Gorski Kotar Counties for Croatian and English. As a professor at the university, I gained extensive experience in presenting and maintaining attention. Additionally, I also try to arouse curiosity and desire for new knowledge in the tourists I come in contact with.<\/p>\n\n\n\n<p class=\"has-large-font-size\"><\/p>\n<\/div><\/div>","protected":false},"excerpt":{"rendered":"<div class=\"slide-text-bg2\"><span>Milena Mandi\u0107 Zavr\u0161ila sam Farmaceutsko-biokemijski fakultet, sveu\u010dili\u0161na sam profesorica (prof. dr. sc.) nutricionizma u mirovini. Kao profesor puno s<\/span><\/div>\n<div class=\"slide-btn-area-sm\"><a href=\"https:\/\/test.guidesofzagreb.com\/en\/milena-mandic\/\" class=\"slide-btn-sm\">Read More<\/a><\/div>","protected":false},"author":4,"featured_media":0,"parent":0,"menu_order":0,"comment_status":"closed","ping_status":"closed","template":"","meta":{"footnotes":""},"class_list":["post-4849","page","type-page","status-publish","hentry"],"_links":{"self":[{"href":"https:\/\/test.guidesofzagreb.com\/en\/wp-json\/wp\/v2\/pages\/4849","targetHints":{"allow":["GET"]}}],"collection":[{"href":"https:\/\/test.guidesofzagreb.com\/en\/wp-json\/wp\/v2\/pages"}],"about":[{"href":"https:\/\/test.guidesofzagreb.com\/en\/wp-json\/wp\/v2\/types\/page"}],"author":[{"embeddable":true,"href":"https:\/\/test.guidesofzagreb.com\/en\/wp-json\/wp\/v2\/users\/4"}],"replies":[{"embeddable":true,"href":"https:\/\/test.guidesofzagreb.com\/en\/wp-json\/wp\/v2\/comments?post=4849"}],"version-history":[{"count":2,"href":"https:\/\/test.guidesofzagreb.com\/en\/wp-json\/wp\/v2\/pages\/4849\/revisions"}],"predecessor-version":[{"id":4852,"href":"https:\/\/test.guidesofzagreb.com\/en\/wp-json\/wp\/v2\/pages\/4849\/revisions\/4852"}],"wp:attachment":[{"href":"https:\/\/test.guidesofzagreb.com\/en\/wp-json\/wp\/v2\/media?parent=4849"}],"curies":[{"name":"wp","href":"https:\/\/api.w.org\/{rel}","templated":true}]}}