{"id":4840,"date":"2022-01-19T17:26:52","date_gmt":"2022-01-19T16:26:52","guid":{"rendered":"https:\/\/test.guidesofzagreb.com\/?page_id=4840"},"modified":"2022-01-19T17:32:02","modified_gmt":"2022-01-19T16:32:02","slug":"bono-rajic","status":"publish","type":"page","link":"https:\/\/test.guidesofzagreb.com\/en\/bono-rajic\/","title":{"rendered":"Bono Raji\u0107"},"content":{"rendered":"<div class=\"wp-block-media-text alignwide is-stacked-on-mobile is-vertically-aligned-top\" style=\"grid-template-columns:45% auto\"><figure class=\"wp-block-media-text__media\"><img fetchpriority=\"high\" decoding=\"async\" width=\"300\" height=\"300\" src=\"https:\/\/test.guidesofzagreb.com\/wp-content\/uploads\/2021\/07\/21078541_10210187335741765_8062147143606649030_n-300x300.jpg\" alt=\"\" class=\"wp-image-4563 size-medium\" srcset=\"https:\/\/test.guidesofzagreb.com\/wp-content\/uploads\/2021\/07\/21078541_10210187335741765_8062147143606649030_n-300x300.jpg 300w, https:\/\/test.guidesofzagreb.com\/wp-content\/uploads\/2021\/07\/21078541_10210187335741765_8062147143606649030_n-150x150.jpg 150w, https:\/\/test.guidesofzagreb.com\/wp-content\/uploads\/2021\/07\/21078541_10210187335741765_8062147143606649030_n-12x12.jpg 12w, https:\/\/test.guidesofzagreb.com\/wp-content\/uploads\/2021\/07\/21078541_10210187335741765_8062147143606649030_n.jpg 567w\" sizes=\"(max-width: 300px) 100vw, 300px\" \/><\/figure><div class=\"wp-block-media-text__content\">\n<p class=\"has-large-font-size\">Bono Raji\u0107<\/p>\n\n\n\n<p>Certificirani turisti\u010dki vodi\u010d na hrvatskom i njema\u010dkom jeziku za grad Zagreb i Zagraba\u010dku \u017eupaniju.<\/p>\n\n\n\n<p>i'm looknig foward to work with you in the future<\/p>\n<\/div><\/div>\n\n\n\n<p><\/p>","protected":false},"excerpt":{"rendered":"<div class=\"slide-text-bg2\"><span>Bono Raji\u0107 Certificirani turisti\u010dki vodi\u010d na hrvatskom i njema\u010dkom jeziku za grad Zagreb i Zagraba\u010dku \u017eupaniju. Veselim se budu\u0107oj suradnji!<\/span><\/div>","protected":false},"author":4,"featured_media":0,"parent":0,"menu_order":0,"comment_status":"closed","ping_status":"closed","template":"","meta":{"footnotes":""},"class_list":["post-4840","page","type-page","status-publish","hentry"],"_links":{"self":[{"href":"https:\/\/test.guidesofzagreb.com\/en\/wp-json\/wp\/v2\/pages\/4840","targetHints":{"allow":["GET"]}}],"collection":[{"href":"https:\/\/test.guidesofzagreb.com\/en\/wp-json\/wp\/v2\/pages"}],"about":[{"href":"https:\/\/test.guidesofzagreb.com\/en\/wp-json\/wp\/v2\/types\/page"}],"author":[{"embeddable":true,"href":"https:\/\/test.guidesofzagreb.com\/en\/wp-json\/wp\/v2\/users\/4"}],"replies":[{"embeddable":true,"href":"https:\/\/test.guidesofzagreb.com\/en\/wp-json\/wp\/v2\/comments?post=4840"}],"version-history":[{"count":5,"href":"https:\/\/test.guidesofzagreb.com\/en\/wp-json\/wp\/v2\/pages\/4840\/revisions"}],"predecessor-version":[{"id":4848,"href":"https:\/\/test.guidesofzagreb.com\/en\/wp-json\/wp\/v2\/pages\/4840\/revisions\/4848"}],"wp:attachment":[{"href":"https:\/\/test.guidesofzagreb.com\/en\/wp-json\/wp\/v2\/media?parent=4840"}],"curies":[{"name":"wp","href":"https:\/\/api.w.org\/{rel}","templated":true}]}}