{"id":428,"date":"2018-11-02T13:41:03","date_gmt":"2018-11-02T12:41:03","guid":{"rendered":"https:\/\/test.guidesofzagreb.com\/?page_id=428"},"modified":"2018-12-10T10:10:11","modified_gmt":"2018-12-10T09:10:11","slug":"postani-clan-drustva-turistickih-vodica-zagreb","status":"publish","type":"page","link":"https:\/\/test.guidesofzagreb.com\/en\/postani-clan-drustva-turistickih-vodica-zagreb\/","title":{"rendered":"Become a member of the Society of Tourist Guides of Zagreb"},"content":{"rendered":"<h3><strong>Documents required for membership in the Company:<\/strong><\/h3>\n<ol>\n<li>Photocopy of INQUIRIES about passed exam for tourist guide<\/li>\n<li>Photocopy of the UPISA in the register of tourist guides of the Republic of Croatia from the Office of Economy of the City of Zagreb and the County of Zagreb, Zapoljska 1 and Vukovarska 10. (get a card)<\/li>\n<li>Request for membership<\/li>\n<li><span style=\"color: #0000ff;\"><a style=\"color: #0000ff;\" href=\"https:\/\/test.guidesofzagreb.com\/wp-content\/uploads\/2018\/11\/Formular_prijavni_list.pdf\">Application list<\/a><\/span><\/li>\n<li><span style=\"color: #0000ff;\"><a style=\"color: #0000ff;\" href=\"https:\/\/test.guidesofzagreb.com\/wp-content\/uploads\/2018\/11\/Formular_podaci_o-ziroracunu.pdf\">Data on a giro account<\/a><\/span><\/li>\n<\/ol>\n<p>The Presidency decides on the admission of new members 2 times a year, at the beginning and end of the tourist season. Guides with academic education of social direction and deficient languages \u200b\u200bare preferred. One foreign language is required. The Presidency reserves the right to check the knowledge, and provides the new members with a mentor for first guidance. The requested documentation is delivered to the office of the Company or sent to the email.<\/p>\n<p>Membership is 200,00 kn per year. New members pay membership fees while regular members,\u00a0<span style=\"color: #0000ff;\"><a style=\"color: #0000ff;\" href=\"https:\/\/test.guidesofzagreb.com\/wp-content\/uploads\/2018\/11\/statut.pdf\">based on article 7, paragraph III of the DTVZ Statute<\/a><\/span>, temeljem \u010dl.7 stavka III Statuta DTVZ, do 30.lipnja teku\u0107e godine.<\/p>\n<p>&nbsp;<\/p>\n<p>&nbsp;<\/p>","protected":false},"excerpt":{"rendered":"<div class=\"slide-text-bg2\"><span>Dokumenti potrebni za u\u010dlanjenje u Dru\u0161tvo: Fotokopija UVJERENJA o polo\u017eenom ispitu za turisti\u010dkog vodi\u010da Fotokopija\u00a0UPISA u Registar turisti\u010dkih vo<\/span><\/div>\n<div class=\"slide-btn-area-sm\"><a href=\"https:\/\/test.guidesofzagreb.com\/en\/postani-clan-drustva-turistickih-vodica-zagreb\/\" class=\"slide-btn-sm\">Read More<\/a><\/div>","protected":false},"author":1,"featured_media":0,"parent":0,"menu_order":0,"comment_status":"closed","ping_status":"closed","template":"","meta":{"footnotes":""},"class_list":["post-428","page","type-page","status-publish","hentry"],"_links":{"self":[{"href":"https:\/\/test.guidesofzagreb.com\/en\/wp-json\/wp\/v2\/pages\/428","targetHints":{"allow":["GET"]}}],"collection":[{"href":"https:\/\/test.guidesofzagreb.com\/en\/wp-json\/wp\/v2\/pages"}],"about":[{"href":"https:\/\/test.guidesofzagreb.com\/en\/wp-json\/wp\/v2\/types\/page"}],"author":[{"embeddable":true,"href":"https:\/\/test.guidesofzagreb.com\/en\/wp-json\/wp\/v2\/users\/1"}],"replies":[{"embeddable":true,"href":"https:\/\/test.guidesofzagreb.com\/en\/wp-json\/wp\/v2\/comments?post=428"}],"version-history":[{"count":10,"href":"https:\/\/test.guidesofzagreb.com\/en\/wp-json\/wp\/v2\/pages\/428\/revisions"}],"predecessor-version":[{"id":1460,"href":"https:\/\/test.guidesofzagreb.com\/en\/wp-json\/wp\/v2\/pages\/428\/revisions\/1460"}],"wp:attachment":[{"href":"https:\/\/test.guidesofzagreb.com\/en\/wp-json\/wp\/v2\/media?parent=428"}],"curies":[{"name":"wp","href":"https:\/\/api.w.org\/{rel}","templated":true}]}}