{"id":4002,"date":"2019-03-17T13:14:51","date_gmt":"2019-03-17T12:14:51","guid":{"rendered":"https:\/\/test.guidesofzagreb.com\/?page_id=4002"},"modified":"2019-04-02T19:33:38","modified_gmt":"2019-04-02T17:33:38","slug":"vjenceslav-vlahov","status":"publish","type":"page","link":"https:\/\/test.guidesofzagreb.com\/en\/vjenceslav-vlahov\/","title":{"rendered":"Vjenceslav Vlahov"},"content":{"rendered":"<p><img decoding=\"async\" class=\"size-full wp-image-2674 alignleft\" src=\"https:\/\/test.guidesofzagreb.com\/wp-content\/uploads\/2018\/11\/Vjenceslav-Vlahov-eng-franc-njem-\u0161pan-tal.jpg\" alt=\"\" width=\"200\" height=\"226\" \/>Do you want to meet the city of Zagreb and its wider environment in the company of a highly educated guide who has many years of experience in English, French, German, Spanish, Italian and Croatian and is a well-known expert in history, art, music, gastronomy and enology? If your answer is true then I am your choice. I look forward to seeing you!<\/p>","protected":false},"excerpt":{"rendered":"<div class=\"slide-text-bg2\"><span>\u017delite li upoznati grad Zagreb i njegovu \u0161iru okolicu u dru\u0161tvu visokoobrazovanog vodi\u010da s dugogodi\u0161njim iskustvom, koji govori engleski, francuski, n<\/span><\/div>\n<div class=\"slide-btn-area-sm\"><a href=\"https:\/\/test.guidesofzagreb.com\/en\/vjenceslav-vlahov\/\" class=\"slide-btn-sm\">Read More<\/a><\/div>","protected":false},"author":1,"featured_media":0,"parent":0,"menu_order":0,"comment_status":"closed","ping_status":"closed","template":"","meta":{"footnotes":""},"class_list":["post-4002","page","type-page","status-publish","hentry"],"_links":{"self":[{"href":"https:\/\/test.guidesofzagreb.com\/en\/wp-json\/wp\/v2\/pages\/4002","targetHints":{"allow":["GET"]}}],"collection":[{"href":"https:\/\/test.guidesofzagreb.com\/en\/wp-json\/wp\/v2\/pages"}],"about":[{"href":"https:\/\/test.guidesofzagreb.com\/en\/wp-json\/wp\/v2\/types\/page"}],"author":[{"embeddable":true,"href":"https:\/\/test.guidesofzagreb.com\/en\/wp-json\/wp\/v2\/users\/1"}],"replies":[{"embeddable":true,"href":"https:\/\/test.guidesofzagreb.com\/en\/wp-json\/wp\/v2\/comments?post=4002"}],"version-history":[{"count":2,"href":"https:\/\/test.guidesofzagreb.com\/en\/wp-json\/wp\/v2\/pages\/4002\/revisions"}],"predecessor-version":[{"id":4075,"href":"https:\/\/test.guidesofzagreb.com\/en\/wp-json\/wp\/v2\/pages\/4002\/revisions\/4075"}],"wp:attachment":[{"href":"https:\/\/test.guidesofzagreb.com\/en\/wp-json\/wp\/v2\/media?parent=4002"}],"curies":[{"name":"wp","href":"https:\/\/api.w.org\/{rel}","templated":true}]}}