{"id":3996,"date":"2019-03-17T13:12:18","date_gmt":"2019-03-17T12:12:18","guid":{"rendered":"https:\/\/test.guidesofzagreb.com\/?page_id=3996"},"modified":"2019-03-17T13:17:19","modified_gmt":"2019-03-17T12:17:19","slug":"diana-nola-zivkovic","status":"publish","type":"page","link":"https:\/\/test.guidesofzagreb.com\/en\/diana-nola-zivkovic\/","title":{"rendered":"Diana Nola \u017divkovi\u0107"},"content":{"rendered":"<p><img fetchpriority=\"high\" decoding=\"async\" class=\"size-medium wp-image-4005 alignleft\" src=\"https:\/\/test.guidesofzagreb.com\/wp-content\/uploads\/2019\/03\/Diana-Nola-\u017divkovi\u0107-e1552825032112-265x300.jpg\" alt=\"\" width=\"265\" height=\"300\" srcset=\"https:\/\/test.guidesofzagreb.com\/wp-content\/uploads\/2019\/03\/Diana-Nola-\u017divkovi\u0107-e1552825032112-265x300.jpg 265w, https:\/\/test.guidesofzagreb.com\/wp-content\/uploads\/2019\/03\/Diana-Nola-\u017divkovi\u0107-e1552825032112.jpg 464w\" sizes=\"(max-width: 265px) 100vw, 265px\" \/>I have also licensed an experienced travel guide with passed exam for Zagreb and Zagreb County, which speaks fluent English and Italian.<br \/>\nI like Zagreb and stories about Zagreb, I follow the events in the city and are happy to share information.<br \/>\nWalking around the city, I will introduce you to the history of Zagreb, tell you interesting stories and show the most important places in Zagreb.<\/p>","protected":false},"excerpt":{"rendered":"<div class=\"slide-text-bg2\"><span>Licencirani sam i iskusni turisti\u010dki vodi\u010d s polo\u017eenim ispitom za Zagreb i Zagreba\u010dku \u017eupaniju koji govori te\u010dno engleski i talijanski jezik. Volim Z<\/span><\/div>\n<div class=\"slide-btn-area-sm\"><a href=\"https:\/\/test.guidesofzagreb.com\/en\/diana-nola-zivkovic\/\" class=\"slide-btn-sm\">Read More<\/a><\/div>","protected":false},"author":1,"featured_media":0,"parent":0,"menu_order":0,"comment_status":"closed","ping_status":"closed","template":"","meta":{"footnotes":""},"class_list":["post-3996","page","type-page","status-publish","hentry"],"_links":{"self":[{"href":"https:\/\/test.guidesofzagreb.com\/en\/wp-json\/wp\/v2\/pages\/3996","targetHints":{"allow":["GET"]}}],"collection":[{"href":"https:\/\/test.guidesofzagreb.com\/en\/wp-json\/wp\/v2\/pages"}],"about":[{"href":"https:\/\/test.guidesofzagreb.com\/en\/wp-json\/wp\/v2\/types\/page"}],"author":[{"embeddable":true,"href":"https:\/\/test.guidesofzagreb.com\/en\/wp-json\/wp\/v2\/users\/1"}],"replies":[{"embeddable":true,"href":"https:\/\/test.guidesofzagreb.com\/en\/wp-json\/wp\/v2\/comments?post=3996"}],"version-history":[{"count":3,"href":"https:\/\/test.guidesofzagreb.com\/en\/wp-json\/wp\/v2\/pages\/3996\/revisions"}],"predecessor-version":[{"id":4071,"href":"https:\/\/test.guidesofzagreb.com\/en\/wp-json\/wp\/v2\/pages\/3996\/revisions\/4071"}],"wp:attachment":[{"href":"https:\/\/test.guidesofzagreb.com\/en\/wp-json\/wp\/v2\/media?parent=3996"}],"curies":[{"name":"wp","href":"https:\/\/api.w.org\/{rel}","templated":true}]}}