{"id":3948,"date":"2019-03-17T12:45:02","date_gmt":"2019-03-17T11:45:02","guid":{"rendered":"https:\/\/test.guidesofzagreb.com\/?page_id=3948"},"modified":"2019-03-17T12:45:02","modified_gmt":"2019-03-17T11:45:02","slug":"sonja-sintic","status":"publish","type":"page","link":"https:\/\/test.guidesofzagreb.com\/en\/sonja-sintic\/","title":{"rendered":"Sonja \u0160inti\u0107"},"content":{"rendered":"<p><img decoding=\"async\" class=\"size-full wp-image-2801 alignleft\" src=\"https:\/\/test.guidesofzagreb.com\/wp-content\/uploads\/2018\/11\/Sonja-\u0160inti\u0107-eng-njem.jpg\" alt=\"\" width=\"200\" height=\"229\" \/>English - German<br \/>\nZagreb, Zagreb County and Lika-Senj County<br \/>\nMeet Zagreb with the escort of local residents. Discover the present and past legends and stories about the city.<\/p>","protected":false},"excerpt":{"rendered":"<div class=\"slide-text-bg2\"><span>Engleski &#8211; Njema\u010dki Zagreb, Zagreba\u010dka \u017eupanija i Li\u010dko-senjska \u017eupanija Upoznajte Zagreb uz pratnju lokalnog stanovnika. Otkrijte sada\u0161nje i p<\/span><\/div>\n<div class=\"slide-btn-area-sm\"><a href=\"https:\/\/test.guidesofzagreb.com\/en\/sonja-sintic\/\" class=\"slide-btn-sm\">Read More<\/a><\/div>","protected":false},"author":1,"featured_media":0,"parent":0,"menu_order":0,"comment_status":"closed","ping_status":"closed","template":"","meta":{"footnotes":""},"class_list":["post-3948","page","type-page","status-publish","hentry"],"_links":{"self":[{"href":"https:\/\/test.guidesofzagreb.com\/en\/wp-json\/wp\/v2\/pages\/3948","targetHints":{"allow":["GET"]}}],"collection":[{"href":"https:\/\/test.guidesofzagreb.com\/en\/wp-json\/wp\/v2\/pages"}],"about":[{"href":"https:\/\/test.guidesofzagreb.com\/en\/wp-json\/wp\/v2\/types\/page"}],"author":[{"embeddable":true,"href":"https:\/\/test.guidesofzagreb.com\/en\/wp-json\/wp\/v2\/users\/1"}],"replies":[{"embeddable":true,"href":"https:\/\/test.guidesofzagreb.com\/en\/wp-json\/wp\/v2\/comments?post=3948"}],"version-history":[{"count":1,"href":"https:\/\/test.guidesofzagreb.com\/en\/wp-json\/wp\/v2\/pages\/3948\/revisions"}],"predecessor-version":[{"id":3950,"href":"https:\/\/test.guidesofzagreb.com\/en\/wp-json\/wp\/v2\/pages\/3948\/revisions\/3950"}],"wp:attachment":[{"href":"https:\/\/test.guidesofzagreb.com\/en\/wp-json\/wp\/v2\/media?parent=3948"}],"curies":[{"name":"wp","href":"https:\/\/api.w.org\/{rel}","templated":true}]}}