{"id":3945,"date":"2019-03-17T12:42:25","date_gmt":"2019-03-17T11:42:25","guid":{"rendered":"https:\/\/test.guidesofzagreb.com\/?page_id=3945"},"modified":"2019-03-17T12:42:25","modified_gmt":"2019-03-17T11:42:25","slug":"branka-leljak","status":"publish","type":"page","link":"https:\/\/test.guidesofzagreb.com\/en\/branka-leljak\/","title":{"rendered":"Branka Leljak"},"content":{"rendered":"<p style=\"font-weight: 400;\"><img decoding=\"async\" class=\"size-full wp-image-2681 alignleft\" src=\"https:\/\/test.guidesofzagreb.com\/wp-content\/uploads\/2018\/11\/Branka-Leljak-ruski2.jpg\" alt=\"\" width=\"200\" height=\"248\" \/>College Education - Faculty of Philosophy: Comparative Literature and Russian Language<\/p>\n<p style=\"font-weight: 400;\">Born in 1952, obtained the license in 2004. The language was perfected by working 2 years. as a translator for the Croatian company \"Industrogradnja\" in Moscow.<\/p>\n<p style=\"font-weight: 400;\">Russian Language Guide for:<br \/>\nCity of Zagreb and County of Zagreb<br \/>\nKrapina-Zagorje County<br \/>\nVara\u017edin County<br \/>\nMe\u0111imurje County<\/p>","protected":false},"excerpt":{"rendered":"<div class=\"slide-text-bg2\"><span>V\u0160S &#8211; Filozofski fakultet: Komparativna knji\u017eevnost i ruski jezik Ro\u0111ena 1952., licenzu dobila 2004. Jezik usavr\u0161ila rade\u0107i 2 god. kao prevodite<\/span><\/div>\n<div class=\"slide-btn-area-sm\"><a href=\"https:\/\/test.guidesofzagreb.com\/en\/branka-leljak\/\" class=\"slide-btn-sm\">Read More<\/a><\/div>","protected":false},"author":1,"featured_media":0,"parent":0,"menu_order":0,"comment_status":"closed","ping_status":"closed","template":"","meta":{"footnotes":""},"class_list":["post-3945","page","type-page","status-publish","hentry"],"_links":{"self":[{"href":"https:\/\/test.guidesofzagreb.com\/en\/wp-json\/wp\/v2\/pages\/3945","targetHints":{"allow":["GET"]}}],"collection":[{"href":"https:\/\/test.guidesofzagreb.com\/en\/wp-json\/wp\/v2\/pages"}],"about":[{"href":"https:\/\/test.guidesofzagreb.com\/en\/wp-json\/wp\/v2\/types\/page"}],"author":[{"embeddable":true,"href":"https:\/\/test.guidesofzagreb.com\/en\/wp-json\/wp\/v2\/users\/1"}],"replies":[{"embeddable":true,"href":"https:\/\/test.guidesofzagreb.com\/en\/wp-json\/wp\/v2\/comments?post=3945"}],"version-history":[{"count":2,"href":"https:\/\/test.guidesofzagreb.com\/en\/wp-json\/wp\/v2\/pages\/3945\/revisions"}],"predecessor-version":[{"id":4070,"href":"https:\/\/test.guidesofzagreb.com\/en\/wp-json\/wp\/v2\/pages\/3945\/revisions\/4070"}],"wp:attachment":[{"href":"https:\/\/test.guidesofzagreb.com\/en\/wp-json\/wp\/v2\/media?parent=3945"}],"curies":[{"name":"wp","href":"https:\/\/api.w.org\/{rel}","templated":true}]}}