{"id":3936,"date":"2019-03-17T12:35:38","date_gmt":"2019-03-17T11:35:38","guid":{"rendered":"https:\/\/test.guidesofzagreb.com\/?page_id=3936"},"modified":"2019-03-17T14:29:06","modified_gmt":"2019-03-17T13:29:06","slug":"visnja-tomic","status":"publish","type":"page","link":"https:\/\/test.guidesofzagreb.com\/en\/visnja-tomic\/","title":{"rendered":"Vi\u0161nja Tomi\u0107"},"content":{"rendered":"<p><img fetchpriority=\"high\" decoding=\"async\" class=\"size-medium wp-image-3595 alignleft\" src=\"https:\/\/test.guidesofzagreb.com\/wp-content\/uploads\/2018\/11\/unknown-face-woman-217x300.jpg\" alt=\"\" width=\"217\" height=\"300\" \/>My name is Vi\u0161nja Tomi\u0107, a licensed tourist guide for the City of Zagreb and the Zagreb County.\nI am a member of the Society since 2011. I lead in Croatian and Russian. I have completed the study of Russian Language and Literature and Comparative Literature at the Faculty of Philosophy of the University of Zagreb.<\/p>","protected":false},"excerpt":{"rendered":"<div class=\"slide-text-bg2\"><span>Moje ime je Vi\u0161nja Tomi\u0107, licencirani sam turisti\u010dki vodi\u010d za Grad Zagreb i Zagreba\u010dku \u017eupaniju, \u010dlan sam Dru\u0161tva od 2011. g. Vodim na hrvatskom i <\/span><\/div>\n<div class=\"slide-btn-area-sm\"><a href=\"https:\/\/test.guidesofzagreb.com\/en\/visnja-tomic\/\" class=\"slide-btn-sm\">Read More<\/a><\/div>","protected":false},"author":1,"featured_media":0,"parent":0,"menu_order":0,"comment_status":"closed","ping_status":"closed","template":"","meta":{"footnotes":""},"class_list":["post-3936","page","type-page","status-publish","hentry"],"_links":{"self":[{"href":"https:\/\/test.guidesofzagreb.com\/en\/wp-json\/wp\/v2\/pages\/3936","targetHints":{"allow":["GET"]}}],"collection":[{"href":"https:\/\/test.guidesofzagreb.com\/en\/wp-json\/wp\/v2\/pages"}],"about":[{"href":"https:\/\/test.guidesofzagreb.com\/en\/wp-json\/wp\/v2\/types\/page"}],"author":[{"embeddable":true,"href":"https:\/\/test.guidesofzagreb.com\/en\/wp-json\/wp\/v2\/users\/1"}],"replies":[{"embeddable":true,"href":"https:\/\/test.guidesofzagreb.com\/en\/wp-json\/wp\/v2\/comments?post=3936"}],"version-history":[{"count":2,"href":"https:\/\/test.guidesofzagreb.com\/en\/wp-json\/wp\/v2\/pages\/3936\/revisions"}],"predecessor-version":[{"id":4022,"href":"https:\/\/test.guidesofzagreb.com\/en\/wp-json\/wp\/v2\/pages\/3936\/revisions\/4022"}],"wp:attachment":[{"href":"https:\/\/test.guidesofzagreb.com\/en\/wp-json\/wp\/v2\/media?parent=3936"}],"curies":[{"name":"wp","href":"https:\/\/api.w.org\/{rel}","templated":true}]}}