{"id":3920,"date":"2019-03-17T12:28:15","date_gmt":"2019-03-17T11:28:15","guid":{"rendered":"https:\/\/test.guidesofzagreb.com\/?page_id=3920"},"modified":"2019-03-17T12:59:45","modified_gmt":"2019-03-17T11:59:45","slug":"jasenka-poinsot","status":"publish","type":"page","link":"https:\/\/test.guidesofzagreb.com\/en\/jasenka-poinsot\/","title":{"rendered":"Jasenka Poinsot"},"content":{"rendered":"<div dir=\"auto\"><img fetchpriority=\"high\" decoding=\"async\" class=\"size-medium wp-image-2802 alignleft\" src=\"https:\/\/test.guidesofzagreb.com\/wp-content\/uploads\/2018\/11\/Jasenka-Poinsot-fran-eng-hr-200x300.jpg\" alt=\"\" width=\"200\" height=\"300\" srcset=\"https:\/\/test.guidesofzagreb.com\/wp-content\/uploads\/2018\/11\/Jasenka-Poinsot-fran-eng-hr-200x300.jpg 200w, https:\/\/test.guidesofzagreb.com\/wp-content\/uploads\/2018\/11\/Jasenka-Poinsot-fran-eng-hr.jpg 500w\" sizes=\"(max-width: 200px) 100vw, 200px\" \/><\/div>\n<p>License: City of Zagreb and Zagreb County, Istarska \u017eupanija<br \/>\nEducation:<br \/>\nFaculty of Philosophy in Zagreb. History of Art and French Language and Literature<\/p>","protected":false},"excerpt":{"rendered":"<div class=\"slide-text-bg2\"><span>Licence: Grad Zagreb i Zagreba\u010dka \u017eupanija, Istarska \u017eupanija Obrazovanje: Filozofski fakultet Sveu\u010dili\u0161ta u Zagrebu. Povijest umjetnosti i francuski <\/span><\/div>\n<div class=\"slide-btn-area-sm\"><a href=\"https:\/\/test.guidesofzagreb.com\/en\/jasenka-poinsot\/\" class=\"slide-btn-sm\">Read More<\/a><\/div>","protected":false},"author":1,"featured_media":0,"parent":0,"menu_order":0,"comment_status":"closed","ping_status":"closed","template":"","meta":{"footnotes":""},"class_list":["post-3920","page","type-page","status-publish","hentry"],"_links":{"self":[{"href":"https:\/\/test.guidesofzagreb.com\/en\/wp-json\/wp\/v2\/pages\/3920","targetHints":{"allow":["GET"]}}],"collection":[{"href":"https:\/\/test.guidesofzagreb.com\/en\/wp-json\/wp\/v2\/pages"}],"about":[{"href":"https:\/\/test.guidesofzagreb.com\/en\/wp-json\/wp\/v2\/types\/page"}],"author":[{"embeddable":true,"href":"https:\/\/test.guidesofzagreb.com\/en\/wp-json\/wp\/v2\/users\/1"}],"replies":[{"embeddable":true,"href":"https:\/\/test.guidesofzagreb.com\/en\/wp-json\/wp\/v2\/comments?post=3920"}],"version-history":[{"count":2,"href":"https:\/\/test.guidesofzagreb.com\/en\/wp-json\/wp\/v2\/pages\/3920\/revisions"}],"predecessor-version":[{"id":3970,"href":"https:\/\/test.guidesofzagreb.com\/en\/wp-json\/wp\/v2\/pages\/3920\/revisions\/3970"}],"wp:attachment":[{"href":"https:\/\/test.guidesofzagreb.com\/en\/wp-json\/wp\/v2\/media?parent=3920"}],"curies":[{"name":"wp","href":"https:\/\/api.w.org\/{rel}","templated":true}]}}