{"id":3916,"date":"2019-03-17T12:26:06","date_gmt":"2019-03-17T11:26:06","guid":{"rendered":"https:\/\/test.guidesofzagreb.com\/?page_id=3916"},"modified":"2019-03-17T12:59:42","modified_gmt":"2019-03-17T11:59:42","slug":"vesna-miholic","status":"publish","type":"page","link":"https:\/\/test.guidesofzagreb.com\/en\/vesna-miholic\/","title":{"rendered":"Vesna Miholi\u0107"},"content":{"rendered":"<div>\n<p><img decoding=\"async\" class=\"size-full wp-image-3917 alignleft\" src=\"https:\/\/test.guidesofzagreb.com\/wp-content\/uploads\/2019\/03\/fotografija_Vesna_Miholic.jpg\" alt=\"\" width=\"139\" height=\"170\" \/>Vesna Miholi\u0107<br \/>\nProfessor of Art History and Italian Language, Licensed Guide for Italian and English Language for the City of Zagreb and the County of Zagreb, Vara\u017edin County, Krapina-Zagorje, Me\u0111imurje and Lika-Senj County. I have been certified as the interpreter of the heritage with the license of the international association Interpret Europe. A lover of my city has for many years been presenting Croatian cultural and artistic heritage to our guests.<\/p>\n<\/div>","protected":false},"excerpt":{"rendered":"<div class=\"slide-text-bg2\"><span>Vesna Miholi\u0107 Profesorica povijesti umjetnosti i talijanskog jezika, licencirani vodi\u010d za talijanski i engleski jezik za grad Zagreb i Zagreba\u010dku \u017eupan<\/span><\/div>\n<div class=\"slide-btn-area-sm\"><a href=\"https:\/\/test.guidesofzagreb.com\/en\/vesna-miholic\/\" class=\"slide-btn-sm\">Read More<\/a><\/div>","protected":false},"author":1,"featured_media":0,"parent":0,"menu_order":0,"comment_status":"closed","ping_status":"closed","template":"","meta":{"footnotes":""},"class_list":["post-3916","page","type-page","status-publish","hentry"],"_links":{"self":[{"href":"https:\/\/test.guidesofzagreb.com\/en\/wp-json\/wp\/v2\/pages\/3916","targetHints":{"allow":["GET"]}}],"collection":[{"href":"https:\/\/test.guidesofzagreb.com\/en\/wp-json\/wp\/v2\/pages"}],"about":[{"href":"https:\/\/test.guidesofzagreb.com\/en\/wp-json\/wp\/v2\/types\/page"}],"author":[{"embeddable":true,"href":"https:\/\/test.guidesofzagreb.com\/en\/wp-json\/wp\/v2\/users\/1"}],"replies":[{"embeddable":true,"href":"https:\/\/test.guidesofzagreb.com\/en\/wp-json\/wp\/v2\/comments?post=3916"}],"version-history":[{"count":4,"href":"https:\/\/test.guidesofzagreb.com\/en\/wp-json\/wp\/v2\/pages\/3916\/revisions"}],"predecessor-version":[{"id":3969,"href":"https:\/\/test.guidesofzagreb.com\/en\/wp-json\/wp\/v2\/pages\/3916\/revisions\/3969"}],"wp:attachment":[{"href":"https:\/\/test.guidesofzagreb.com\/en\/wp-json\/wp\/v2\/media?parent=3916"}],"curies":[{"name":"wp","href":"https:\/\/api.w.org\/{rel}","templated":true}]}}