{"id":3907,"date":"2019-03-17T12:20:46","date_gmt":"2019-03-17T11:20:46","guid":{"rendered":"https:\/\/test.guidesofzagreb.com\/?page_id=3907"},"modified":"2019-03-17T12:20:46","modified_gmt":"2019-03-17T11:20:46","slug":"anamarija-sunara","status":"publish","type":"page","link":"https:\/\/test.guidesofzagreb.com\/en\/anamarija-sunara\/","title":{"rendered":"Anamarija Sunara"},"content":{"rendered":"<p><img decoding=\"async\" class=\"size-full wp-image-2682 alignleft\" src=\"https:\/\/test.guidesofzagreb.com\/wp-content\/uploads\/2018\/11\/Anamarija-Sunara-ruski-eng.jpg\" alt=\"\" width=\"200\" height=\"150\" \/>Professor of Comparative Literature and Russian Language and Literature. I was born in Split and studied at the Faculty of Philosophy in Zagreb. With the license for the City of Zagreb, I have passed the Sibenik-Knin, Split-Dalmatia and Dubrovnik-Neretva counties. Doctrination at the State College in St. Petersburg, Russian Language and Culture Center. I am 42 years old, I've been a guide for 10 years now. Languages: Russian and English.<\/p>","protected":false},"excerpt":{"rendered":"<div class=\"slide-text-bg2\"><span>Profesor komparativne knji\u017eevnosti i ruskoga jezika i knji\u017eevnosti. Ro\u0111ena sam u Splitu, a studirala na filozofskom fakultetu u Zagrebu. Uz licencu za G<\/span><\/div>\n<div class=\"slide-btn-area-sm\"><a href=\"https:\/\/test.guidesofzagreb.com\/en\/anamarija-sunara\/\" class=\"slide-btn-sm\">Read More<\/a><\/div>","protected":false},"author":1,"featured_media":0,"parent":0,"menu_order":0,"comment_status":"closed","ping_status":"closed","template":"","meta":{"footnotes":""},"class_list":["post-3907","page","type-page","status-publish","hentry"],"_links":{"self":[{"href":"https:\/\/test.guidesofzagreb.com\/en\/wp-json\/wp\/v2\/pages\/3907","targetHints":{"allow":["GET"]}}],"collection":[{"href":"https:\/\/test.guidesofzagreb.com\/en\/wp-json\/wp\/v2\/pages"}],"about":[{"href":"https:\/\/test.guidesofzagreb.com\/en\/wp-json\/wp\/v2\/types\/page"}],"author":[{"embeddable":true,"href":"https:\/\/test.guidesofzagreb.com\/en\/wp-json\/wp\/v2\/users\/1"}],"replies":[{"embeddable":true,"href":"https:\/\/test.guidesofzagreb.com\/en\/wp-json\/wp\/v2\/comments?post=3907"}],"version-history":[{"count":2,"href":"https:\/\/test.guidesofzagreb.com\/en\/wp-json\/wp\/v2\/pages\/3907\/revisions"}],"predecessor-version":[{"id":4068,"href":"https:\/\/test.guidesofzagreb.com\/en\/wp-json\/wp\/v2\/pages\/3907\/revisions\/4068"}],"wp:attachment":[{"href":"https:\/\/test.guidesofzagreb.com\/en\/wp-json\/wp\/v2\/media?parent=3907"}],"curies":[{"name":"wp","href":"https:\/\/api.w.org\/{rel}","templated":true}]}}