{"id":3904,"date":"2019-03-17T12:18:28","date_gmt":"2019-03-17T11:18:28","guid":{"rendered":"https:\/\/test.guidesofzagreb.com\/?page_id=3904"},"modified":"2019-03-17T12:18:28","modified_gmt":"2019-03-17T11:18:28","slug":"anja-bertol-stipetic","status":"publish","type":"page","link":"https:\/\/test.guidesofzagreb.com\/en\/anja-bertol-stipetic\/","title":{"rendered":"Anja Bertol Stipeti\u0107"},"content":{"rendered":"<p><img fetchpriority=\"high\" decoding=\"async\" class=\"size-full wp-image-2803 alignleft\" src=\"https:\/\/test.guidesofzagreb.com\/wp-content\/uploads\/2018\/11\/Anja-Bertol-Stipeti\u0107-eng-hrv.jpg\" alt=\"\" width=\"200\" height=\"260\" \/>Guide in Croatian and English for the City of Zagreb and the Zagreb County. I have been a member of the Company since 2011. I have a wealth of leadership experience, especially school groups. By profession I am a graduate archeologist.<\/p>","protected":false},"excerpt":{"rendered":"<div class=\"slide-text-bg2\"><span>Anja Bertol Stipeti\u0107 &#8211; vodi\u010d na hrvatskom i engleskom jeziku za grad Zagreb i Zagreba\u010dku \u017eupaniju. \u010clan Dru\u0161tva sam od 2011. godine. Imam bogat<\/span><\/div>\n<div class=\"slide-btn-area-sm\"><a href=\"https:\/\/test.guidesofzagreb.com\/en\/anja-bertol-stipetic\/\" class=\"slide-btn-sm\">Read More<\/a><\/div>","protected":false},"author":1,"featured_media":0,"parent":0,"menu_order":0,"comment_status":"closed","ping_status":"closed","template":"","meta":{"footnotes":""},"class_list":["post-3904","page","type-page","status-publish","hentry"],"_links":{"self":[{"href":"https:\/\/test.guidesofzagreb.com\/en\/wp-json\/wp\/v2\/pages\/3904","targetHints":{"allow":["GET"]}}],"collection":[{"href":"https:\/\/test.guidesofzagreb.com\/en\/wp-json\/wp\/v2\/pages"}],"about":[{"href":"https:\/\/test.guidesofzagreb.com\/en\/wp-json\/wp\/v2\/types\/page"}],"author":[{"embeddable":true,"href":"https:\/\/test.guidesofzagreb.com\/en\/wp-json\/wp\/v2\/users\/1"}],"replies":[{"embeddable":true,"href":"https:\/\/test.guidesofzagreb.com\/en\/wp-json\/wp\/v2\/comments?post=3904"}],"version-history":[{"count":2,"href":"https:\/\/test.guidesofzagreb.com\/en\/wp-json\/wp\/v2\/pages\/3904\/revisions"}],"predecessor-version":[{"id":4069,"href":"https:\/\/test.guidesofzagreb.com\/en\/wp-json\/wp\/v2\/pages\/3904\/revisions\/4069"}],"wp:attachment":[{"href":"https:\/\/test.guidesofzagreb.com\/en\/wp-json\/wp\/v2\/media?parent=3904"}],"curies":[{"name":"wp","href":"https:\/\/api.w.org\/{rel}","templated":true}]}}