{"id":3893,"date":"2019-03-10T18:29:13","date_gmt":"2019-03-10T17:29:13","guid":{"rendered":"https:\/\/test.guidesofzagreb.com\/?page_id=3893"},"modified":"2019-03-10T18:29:13","modified_gmt":"2019-03-10T17:29:13","slug":"ivana-zrilic","status":"publish","type":"page","link":"https:\/\/test.guidesofzagreb.com\/en\/ivana-zrilic\/","title":{"rendered":"Ivana Zrili\u0107"},"content":{"rendered":"<p><img decoding=\"async\" class=\"size-full wp-image-2676 alignleft\" src=\"https:\/\/test.guidesofzagreb.com\/wp-content\/uploads\/2018\/11\/Ivana-Zrili\u0107-tal-\u0161pan-eng.jpg\" alt=\"\" width=\"200\" height=\"223\" \/>Magistrate Economics A Licensed Guide to Zagreb, Zagreb, Lika-Senj and Zadar County for Croatian, Italian, English and Spanish is a licensed Heritage Interpreter educated at the Interpretation Association of Europe. Since February, 2017, I have been engaged as a lecturer and mentor at Lifelong Learning at the Baltazar Polytechnic University in Zagreb, where I pass on my 20-year experience as a Travel Manager to new entrants and future tourist guides. I enjoy the interpretation of heritage, I love to talk stories to children, and to adults wake up with curiosity, and with my immense and contagious cheerful energy I unselfishly share my knowledge, mysteries and legends I'm constantly exploring.<\/p>","protected":false},"excerpt":{"rendered":"<div class=\"slide-text-bg2\"><span>Magistra Ekonomije Licencirani vodi\u010d za Zagreb, Zagreba\u010dku, Li\u010dko-senjsku i Zadarsku \u017eupaniju za hrvatski, talijanski, engleski i \u0161panjolski jezik, li<\/span><\/div>\n<div class=\"slide-btn-area-sm\"><a href=\"https:\/\/test.guidesofzagreb.com\/en\/ivana-zrilic\/\" class=\"slide-btn-sm\">Read More<\/a><\/div>","protected":false},"author":1,"featured_media":0,"parent":0,"menu_order":0,"comment_status":"closed","ping_status":"closed","template":"","meta":{"footnotes":""},"class_list":["post-3893","page","type-page","status-publish","hentry"],"_links":{"self":[{"href":"https:\/\/test.guidesofzagreb.com\/en\/wp-json\/wp\/v2\/pages\/3893","targetHints":{"allow":["GET"]}}],"collection":[{"href":"https:\/\/test.guidesofzagreb.com\/en\/wp-json\/wp\/v2\/pages"}],"about":[{"href":"https:\/\/test.guidesofzagreb.com\/en\/wp-json\/wp\/v2\/types\/page"}],"author":[{"embeddable":true,"href":"https:\/\/test.guidesofzagreb.com\/en\/wp-json\/wp\/v2\/users\/1"}],"replies":[{"embeddable":true,"href":"https:\/\/test.guidesofzagreb.com\/en\/wp-json\/wp\/v2\/comments?post=3893"}],"version-history":[{"count":1,"href":"https:\/\/test.guidesofzagreb.com\/en\/wp-json\/wp\/v2\/pages\/3893\/revisions"}],"predecessor-version":[{"id":3895,"href":"https:\/\/test.guidesofzagreb.com\/en\/wp-json\/wp\/v2\/pages\/3893\/revisions\/3895"}],"wp:attachment":[{"href":"https:\/\/test.guidesofzagreb.com\/en\/wp-json\/wp\/v2\/media?parent=3893"}],"curies":[{"name":"wp","href":"https:\/\/api.w.org\/{rel}","templated":true}]}}