{"id":324,"date":"2018-11-01T17:26:38","date_gmt":"2018-11-01T16:26:38","guid":{"rendered":"https:\/\/test.guidesofzagreb.com\/?page_id=324"},"modified":"2024-01-17T08:42:12","modified_gmt":"2024-01-17T07:42:12","slug":"cijenik","status":"publish","type":"page","link":"https:\/\/test.guidesofzagreb.com\/en\/cijenik\/","title":{"rendered":"Price List"},"content":{"rendered":"<h4>ZAGREB TOURIST GUIDE ASSOCIATION\nAND CENTRAL CROATIAN REGION, since 1973.<\/h4>\n<p>10 000 Zagreb, Pavla \u0160ubi\u0107a 20\/III;<br \/>\nmob: +385 99 4817 022<br \/>\nMB 03239489\u00a0 &#8211; OIB 88846676232<br \/>\n\u017eiro ra\u010dun 2360000-1101477693, Zagreba\u010dka banka d.d., Zagreb; IBAN HR 3623600001101477693, \u00a0 Swift code ZABA HR 2X<\/p>\n<hr \/>\n<h3 style=\"text-align: center;\">CJENIK USLUGA VODI\u010cA ZA TURISTI\u010cKO VO\u0110ENJE<\/h3>\n<hr \/>\n<h4 style=\"text-align: center;\"><strong>Razgled Grada Zagreba<\/strong><\/h4>\n<style> \/* simple flat #593 *\/#ptp-593{border-color:#ddd;padding:0;margin-left:0;margin-right:0}#ptp-593 div.ptp-item-container{border-radius:0}#ptp-593 div.ptp-item-container div{margin:0}#ptp-593 .ptp-highlight div.ptp-item-container{border-color:#ddd}#ptp-593 div.ptp-plan{border-top-right-radius:0;border-top-left-radius:0;font-size:1em;border-color:#ddd;background-color:#ddd;color:#333;padding:.9375em 1.25em}#ptp-593 div.ptp-plan .has-tip{border-bottom:dotted 1px #333;color:#333}#ptp-593 .ptp-highlight div.ptp-plan{border-color:#ddd;background-color:#ddd;color:#333}#ptp-593 .ptp-highlight div.ptp-plan .has-tip{border-bottom:dotted 1px #333;color:#333}#ptp-593 div.ptp-price{font-size:1.25em;background-color:#eee;color:#333;padding:.9375em 1.25em}#ptp-593 div.ptp-price .has-tip{border-bottom:dotted 1px #333;color:#333}#ptp-593 .ptp-highlight div.ptp-price{background-color:#eee;color:#333}#ptp-593 .ptp-highlight div.ptp-price .has-tip{border-bottom:dotted 1px #333;color:#333}#ptp-593 div.ptp-cta{border-bottom-right-radius:0;border-bottom-left-radius:0;background-color:#eee;padding-top:1.25em;padding-bottom:1.25em}#ptp-593 .ptp-highlight div.ptp-cta{background-color:#eee}#ptp-593 a.ptp-button{border-radius:0;font-size:1em;color:#fff;background-color:#3498db;border-bottom:#2980b9 4px solid;margin:0}#ptp-593 a.ptp-button .has-tip,#ptp-593 a.ptp-button:hover .has-tip{border-bottom:dotted 1px #fff;color:#fff}#ptp-593 a.ptp-button:hover{background-color:#2980b9}#ptp-593 div.ptp-bullet-item{color:#333;background-color:#fff;font-size:.875em;border-color:#ddd;padding:.9375em .5em .9375em .5em}#ptp-593 .ptp-highlight .ptp-bullet-item{color:#333;border-color:#ddd;background-color:#fff}#ptp-593 .ptp-highlight a.ptp-button{color:#fff;background-color:#e74c3c;border-bottom:#c0392b 4px solid}#ptp-593 .ptp-highlight a.ptp-button:hover{background-color:#c0392b}#ptp-593 .ptp-highlight a.ptp-button .has-tip{border-bottom:dotted 1px #fff;color:#fff}#ptp-593 div.ptp-most-popular{border-radius:0;font-size:.9em;background-color:#7f8c8d;color:#fff;border:1px solid #7f8c8d}\/* end of simple flat #593 *\/<\/style>        <script type=\"text\/javascript\">\n         jQuery(document).ready(function($) {\n            jQuery.call_match_height_593 = function call_match_height_design1(ptp_id) {\n                                $( ptp_id+' .ptp-plan' ).matchHeight(false); \n                                $( ptp_id+' .ptp-cta' ).matchHeight(false); \n                                $( ptp_id+' .ptp-price' ).matchHeight(false);\n                                $( ptp_id+' .ptp-button' ).matchHeight(false);\n\n                                $( ptp_id+' .ptp-bullet-item' ).each(function( index ){\n                                    $( ptp_id+' .ptp-row-id-'+index ).matchHeight(false);\n             \n                                });  \n                         }\n            var ptp_id = '#ptp-'+593 ;\n            $.call_match_height_593 ( ptp_id );              \n         });\n      <\/script>\n      \n        <div id=\"ptp-593\" class=\"ptp-pricing-table\" ><div class=\"ptp-col ptp-four-col  ptp-col-id-0 dh-ptp-col-id-0\"><div class=\"ptp-not-most-popular\">&nbsp;<\/div><div class=\"ptp-item-container\"><div class=\"ptp-plan\">1- 5 person<\/div><div class=\"ptp-price\"><\/div><div class=\"ptp-bullet-item ptp-row-id-0\">1 h - 80,00 eur\r<\/div><div class=\"ptp-bullet-item ptp-row-id-1\">2 h - 100,00 eur\r<\/div><div class=\"ptp-bullet-item ptp-row-id-2\">3 h - 120,00 eur<\/div><div class=\"ptp-cta\"><a class=\"ptp-button ptp-checkout-button\" id=\"ptp-593-cta-0\"  href=\"https:\/\/test.guidesofzagreb.com\/en\/rezervirajte-na-vrijeme-turistickog-vodica-za-bezbriznije-putovanje\/\" >Order a guide<\/a><\/div><\/div><\/div><div class=\"ptp-col ptp-four-col  ptp-col-id-1 dh-ptp-col-id-1\"><div class=\"ptp-not-most-popular\">&nbsp;<\/div><div class=\"ptp-item-container\"><div class=\"ptp-plan\">6 -15 person<\/div><div class=\"ptp-price\"><\/div><div class=\"ptp-bullet-item ptp-row-id-0\">1 h - 95,00 eur\r<\/div><div class=\"ptp-bullet-item ptp-row-id-1\">2 h - 110,00 eur\r<\/div><div class=\"ptp-bullet-item ptp-row-id-2\">3 h - 130,00 eur<\/div><div class=\"ptp-cta\"><a class=\"ptp-button ptp-checkout-button\" id=\"ptp-593-cta-1\"  href=\"https:\/\/test.guidesofzagreb.com\/en\/rezervirajte-na-vrijeme-turistickog-vodica-za-bezbriznije-putovanje\/\" >Order a guide<\/a><\/div><\/div><\/div><div class=\"ptp-col ptp-four-col  ptp-col-id-2 dh-ptp-col-id-2\"><div class=\"ptp-not-most-popular\">&nbsp;<\/div><div class=\"ptp-item-container\"><div class=\"ptp-plan\">16 - 30  person<\/div><div class=\"ptp-price\"><\/div><div class=\"ptp-bullet-item ptp-row-id-0\">1 h - 110,00 eur\r<\/div><div class=\"ptp-bullet-item ptp-row-id-1\">2 h - 120,00 eur\r<\/div><div class=\"ptp-bullet-item ptp-row-id-2\">3 h - 140,00 eur<\/div><div class=\"ptp-cta\"><a class=\"ptp-button ptp-checkout-button\" id=\"ptp-593-cta-2\"  href=\"https:\/\/test.guidesofzagreb.com\/en\/rezervirajte-na-vrijeme-turistickog-vodica-za-bezbriznije-putovanje\/\" >Order a guide<\/a><\/div><\/div><\/div><div class=\"ptp-col ptp-four-col  ptp-col-id-3 dh-ptp-col-id-3\"><div class=\"ptp-not-most-popular\">&nbsp;<\/div><div class=\"ptp-item-container\"><div class=\"ptp-plan\">&gt;30  person<\/div><div class=\"ptp-price\"><\/div><div class=\"ptp-bullet-item ptp-row-id-0\">1h - 120 eur\r<\/div><div class=\"ptp-bullet-item ptp-row-id-1\">2h - 130 eur\r<\/div><div class=\"ptp-bullet-item ptp-row-id-2\">3h - 150 eur<\/div><div class=\"ptp-cta\"><a class=\"ptp-button ptp-checkout-button\" id=\"ptp-593-cta-3\"  href=\"https:\/\/test.guidesofzagreb.com\/en\/rezervirajte-na-vrijeme-turistickog-vodica-za-bezbriznije-putovanje\/\" >Naru\u010di vodi\u0107a<\/a><\/div><\/div><\/div><\/div>\n<hr \/>\n<h4><\/h4>\n<h4 style=\"text-align: center;\"><strong>Tourist guide to the Central Croatian Macoregion<\/strong><\/h4>\n<style> \/* simple flat #611 *\/#ptp-611{border-color:#ddd;padding:0;margin-left:0;margin-right:0}#ptp-611 div.ptp-item-container{border-radius:0}#ptp-611 div.ptp-item-container div{margin:0}#ptp-611 .ptp-highlight div.ptp-item-container{border-color:#ddd}#ptp-611 div.ptp-plan{border-top-right-radius:0;border-top-left-radius:0;font-size:1em;border-color:#ddd;background-color:#ddd;color:#333;padding:.9375em 1.25em}#ptp-611 div.ptp-plan .has-tip{border-bottom:dotted 1px #333;color:#333}#ptp-611 .ptp-highlight div.ptp-plan{border-color:#ddd;background-color:#ddd;color:#333}#ptp-611 .ptp-highlight div.ptp-plan .has-tip{border-bottom:dotted 1px #333;color:#333}#ptp-611 div.ptp-price{font-size:1.25em;background-color:#eee;color:#333;padding:.9375em 1.25em}#ptp-611 div.ptp-price .has-tip{border-bottom:dotted 1px #333;color:#333}#ptp-611 .ptp-highlight div.ptp-price{background-color:#eee;color:#333}#ptp-611 .ptp-highlight div.ptp-price .has-tip{border-bottom:dotted 1px #333;color:#333}#ptp-611 div.ptp-cta{border-bottom-right-radius:0;border-bottom-left-radius:0;background-color:#eee;padding-top:1.25em;padding-bottom:1.25em}#ptp-611 .ptp-highlight div.ptp-cta{background-color:#eee}#ptp-611 a.ptp-button{border-radius:0;font-size:1em;color:#fff;background-color:#3498db;border-bottom:#2980b9 4px solid;margin:0}#ptp-611 a.ptp-button .has-tip,#ptp-611 a.ptp-button:hover .has-tip{border-bottom:dotted 1px #fff;color:#fff}#ptp-611 a.ptp-button:hover{background-color:#2980b9}#ptp-611 div.ptp-bullet-item{color:#333;background-color:#fff;font-size:.875em;border-color:#ddd;padding:.9375em .5em .9375em .5em}#ptp-611 .ptp-highlight .ptp-bullet-item{color:#333;border-color:#ddd;background-color:#fff}#ptp-611 .ptp-highlight a.ptp-button{color:#fff;background-color:#e74c3c;border-bottom:#c0392b 4px solid}#ptp-611 .ptp-highlight a.ptp-button:hover{background-color:#c0392b}#ptp-611 .ptp-highlight a.ptp-button .has-tip{border-bottom:dotted 1px #fff;color:#fff}#ptp-611 div.ptp-most-popular{border-radius:0;font-size:.9em;background-color:#7f8c8d;color:#fff;border:1px solid #7f8c8d}\/* end of simple flat #611 *\/<\/style>        <script type=\"text\/javascript\">\n         jQuery(document).ready(function($) {\n            jQuery.call_match_height_611 = function call_match_height_design1(ptp_id) {\n                                $( ptp_id+' .ptp-plan' ).matchHeight(false); \n                                $( ptp_id+' .ptp-cta' ).matchHeight(false); \n                                $( ptp_id+' .ptp-price' ).matchHeight(false);\n                                $( ptp_id+' .ptp-button' ).matchHeight(false);\n\n                                $( ptp_id+' .ptp-bullet-item' ).each(function( index ){\n                                    $( ptp_id+' .ptp-row-id-'+index ).matchHeight(false);\n             \n                                });  \n                         }\n            var ptp_id = '#ptp-'+611 ;\n            $.call_match_height_611 ( ptp_id );              \n         });\n      <\/script>\n      \n        <div id=\"ptp-611\" class=\"ptp-pricing-table\" ><div class=\"ptp-col ptp-three-col  ptp-col-id-0 dh-ptp-col-id-0\"><div class=\"ptp-not-most-popular\">&nbsp;<\/div><div class=\"ptp-item-container\"><div class=\"ptp-plan\">Poludnevni izlet       (do 6 sati)<\/div><div class=\"ptp-price\">150,00 eur<\/div><div class=\"ptp-cta\"><a class=\"ptp-button ptp-checkout-button\" id=\"ptp-611-cta-0\"  href=\"https:\/\/test.guidesofzagreb.com\/en\/rezervirajte-na-vrijeme-turistickog-vodica-za-bezbriznije-putovanje\/\" >Order a guide<\/a><\/div><\/div><\/div><div class=\"ptp-col ptp-three-col  ptp-col-id-1 dh-ptp-col-id-1\"><div class=\"ptp-not-most-popular\">&nbsp;<\/div><div class=\"ptp-item-container\"><div class=\"ptp-plan\">Cjelodnevni izlet             (do 12 sati) <\/div><div class=\"ptp-price\">170,00 eur<\/div><div class=\"ptp-cta\"><a class=\"ptp-button ptp-checkout-button\" id=\"ptp-611-cta-1\"  href=\"https:\/\/test.guidesofzagreb.com\/en\/rezervirajte-na-vrijeme-turistickog-vodica-za-bezbriznije-putovanje\/\" >Order a guide<\/a><\/div><\/div><\/div><div class=\"ptp-col ptp-three-col  ptp-col-id-2 dh-ptp-col-id-2\"><div class=\"ptp-not-most-popular\">&nbsp;<\/div><div class=\"ptp-item-container\"><div class=\"ptp-plan\">Vi\u0161ednevni izlet    (po danu) <\/div><div class=\"ptp-price\">150,00 eur<\/div><div class=\"ptp-cta\"><a class=\"ptp-button ptp-checkout-button\" id=\"ptp-611-cta-2\"  href=\"https:\/\/test.guidesofzagreb.com\/en\/rezervirajte-na-vrijeme-turistickog-vodica-za-bezbriznije-putovanje\/\" >Order a guide<\/a><\/div><\/div><\/div><\/div>\n<hr \/>\n<h4 style=\"text-align: center;\"><strong>\u00a0School children groups from Croatia\u00a0<\/strong><\/h4>\n<style> \/* simple flat #617 *\/#ptp-617{border-color:#ddd;padding:0;margin-left:0;margin-right:0}#ptp-617 div.ptp-item-container{border-radius:0}#ptp-617 div.ptp-item-container div{margin:0}#ptp-617 .ptp-highlight div.ptp-item-container{border-color:#ddd}#ptp-617 div.ptp-plan{border-top-right-radius:0;border-top-left-radius:0;font-size:1em;border-color:#ddd;background-color:#ddd;color:#333;padding:.9375em 1.25em}#ptp-617 div.ptp-plan .has-tip{border-bottom:dotted 1px #333;color:#333}#ptp-617 .ptp-highlight div.ptp-plan{border-color:#ddd;background-color:#ddd;color:#333}#ptp-617 .ptp-highlight div.ptp-plan .has-tip{border-bottom:dotted 1px #333;color:#333}#ptp-617 div.ptp-price{font-size:1.25em;background-color:#eee;color:#333;padding:.9375em 1.25em}#ptp-617 div.ptp-price .has-tip{border-bottom:dotted 1px #333;color:#333}#ptp-617 .ptp-highlight div.ptp-price{background-color:#eee;color:#333}#ptp-617 .ptp-highlight div.ptp-price .has-tip{border-bottom:dotted 1px #333;color:#333}#ptp-617 div.ptp-cta{border-bottom-right-radius:0;border-bottom-left-radius:0;background-color:#eee;padding-top:1.25em;padding-bottom:1.25em}#ptp-617 .ptp-highlight div.ptp-cta{background-color:#eee}#ptp-617 a.ptp-button{border-radius:0;font-size:1em;color:#fff;background-color:#3498db;border-bottom:#2980b9 4px solid;margin:0}#ptp-617 a.ptp-button .has-tip,#ptp-617 a.ptp-button:hover .has-tip{border-bottom:dotted 1px #fff;color:#fff}#ptp-617 a.ptp-button:hover{background-color:#2980b9}#ptp-617 div.ptp-bullet-item{color:#333;background-color:#fff;font-size:.875em;border-color:#ddd;padding:.9375em .5em .9375em .5em}#ptp-617 .ptp-highlight .ptp-bullet-item{color:#333;border-color:#ddd;background-color:#fff}#ptp-617 .ptp-highlight a.ptp-button{color:#fff;background-color:#e74c3c;border-bottom:#c0392b 4px solid}#ptp-617 .ptp-highlight a.ptp-button:hover{background-color:#c0392b}#ptp-617 .ptp-highlight a.ptp-button .has-tip{border-bottom:dotted 1px #fff;color:#fff}#ptp-617 div.ptp-most-popular{border-radius:0;font-size:.9em;background-color:#7f8c8d;color:#fff;border:1px solid #7f8c8d}\/* end of simple flat #617 *\/<\/style>        <script type=\"text\/javascript\">\n         jQuery(document).ready(function($) {\n            jQuery.call_match_height_617 = function call_match_height_design1(ptp_id) {\n                                $( ptp_id+' .ptp-plan' ).matchHeight(false); \n                                $( ptp_id+' .ptp-cta' ).matchHeight(false); \n                                $( ptp_id+' .ptp-price' ).matchHeight(false);\n                                $( ptp_id+' .ptp-button' ).matchHeight(false);\n\n                                $( ptp_id+' .ptp-bullet-item' ).each(function( index ){\n                                    $( ptp_id+' .ptp-row-id-'+index ).matchHeight(false);\n             \n                                });  \n                         }\n            var ptp_id = '#ptp-'+617 ;\n            $.call_match_height_617 ( ptp_id );              \n         });\n      <\/script>\n      \n        <div id=\"ptp-617\" class=\"ptp-pricing-table\" ><div class=\"ptp-col ptp-one-col  ptp-col-id-0 dh-ptp-col-id-0\"><div class=\"ptp-not-most-popular\">&nbsp;<\/div><div class=\"ptp-item-container\"><div class=\"ptp-plan\">Razgled grada do 3 sata - grupa do 40 ljudi<\/div><div class=\"ptp-price\">150,00 eur<\/div><div class=\"ptp-cta\"><a class=\"ptp-button ptp-checkout-button\" id=\"ptp-617-cta-0\"  href=\"https:\/\/test.guidesofzagreb.com\/en\/rezervirajte-na-vrijeme-turistickog-vodica-za-bezbriznije-putovanje\/\" >Order a guide<\/a><\/div><\/div><\/div><\/div>\n<hr \/>\n<h4 style=\"text-align: center;\"><strong>\u00a0Ostale usluge: prema dogovoru\u00a0<\/strong><\/h4>\n<hr \/>\n<p>Pursuant to Article 90 Paragraphs 1 and 2 of the VAT Act, VAT is not charged. .<\/p>\n<p><strong><a style=\"color: #2980b9;\" href=\"https:\/\/test.guidesofzagreb.com\/en\/nacin-placanja\/\">PAYMENT METHODS find out here.<\/a><\/strong><\/p>\n<p><strong><a style=\"color: #2980b9;\" href=\"https:\/\/test.guidesofzagreb.com\/en\/mjesto-susreta\/\">See the MEETING PLACE and guides section here.<\/a><\/strong><\/p>\n<p><strong>NOTE:<\/strong><br \/>\n1. Guiding in 2 foreign languages - the price is 50% higher. Tourist guide is not supposed to guide in more than 2 foreign languages\nat the same time.<br \/>\n2. Only one tourist guide is supposed to be a guide in a bus. In case that the tourist guide should be a guide for 2 buses, the price will\nbe 50% increased.<br \/>\n3. Tourist guide is supposed to wait 1 hour for the guests.<br \/>\n4. If the meeting or leaving point is more than 10 km far from the city centre, besides the travel costs the tourist guide is entitled in\nthat case to the transfer fee too.<br \/>\n5. During the whole tour the tourist guide is entitled to all hotel, restaurant and other services that the guests make use of.<br \/>\n6. Order can be cancelled up to 24 hours before beginning of the service, in that case the price is reduced 50%.<br \/>\n7. Order should be placed at least 24 hours before beginning of the service. Otherwise we cannot guarantee to find a guide.<\/p>\n<hr \/>\n<h4 style=\"text-align: left;\"><strong>Cjenik se primjenjuje od 8. sije\u010dnja 2024. godine<\/strong><\/h4>\n<h4 style=\"text-align: left;\">Za DTVZ\u00a0 predsjednica<\/h4>\n<h4 style=\"text-align: left;\">Lana Mari\u0107 \u0160timac<\/h4>\n<p style=\"text-align: right;\">","protected":false},"excerpt":{"rendered":"<div class=\"slide-text-bg2\"><span>DRU\u0160TVO TURISTI\u010cKIH VODI\u010cA ZAGREBA I SREDNJOHRVATSKE MAKROREGIJE od 1973. 10 000 Zagreb, Pavla \u0160ubi\u0107a 20\/III; mob: +385 99 4817 022 MB 03239489\u00a0 &#038;#82<\/span><\/div>\n<div class=\"slide-btn-area-sm\"><a href=\"https:\/\/test.guidesofzagreb.com\/en\/cijenik\/\" class=\"slide-btn-sm\">Read More<\/a><\/div>","protected":false},"author":4,"featured_media":0,"parent":0,"menu_order":0,"comment_status":"closed","ping_status":"closed","template":"","meta":{"footnotes":""},"class_list":["post-324","page","type-page","status-publish","hentry"],"_links":{"self":[{"href":"https:\/\/test.guidesofzagreb.com\/en\/wp-json\/wp\/v2\/pages\/324","targetHints":{"allow":["GET"]}}],"collection":[{"href":"https:\/\/test.guidesofzagreb.com\/en\/wp-json\/wp\/v2\/pages"}],"about":[{"href":"https:\/\/test.guidesofzagreb.com\/en\/wp-json\/wp\/v2\/types\/page"}],"author":[{"embeddable":true,"href":"https:\/\/test.guidesofzagreb.com\/en\/wp-json\/wp\/v2\/users\/4"}],"replies":[{"embeddable":true,"href":"https:\/\/test.guidesofzagreb.com\/en\/wp-json\/wp\/v2\/comments?post=324"}],"version-history":[{"count":86,"href":"https:\/\/test.guidesofzagreb.com\/en\/wp-json\/wp\/v2\/pages\/324\/revisions"}],"predecessor-version":[{"id":5048,"href":"https:\/\/test.guidesofzagreb.com\/en\/wp-json\/wp\/v2\/pages\/324\/revisions\/5048"}],"wp:attachment":[{"href":"https:\/\/test.guidesofzagreb.com\/en\/wp-json\/wp\/v2\/media?parent=324"}],"curies":[{"name":"wp","href":"https:\/\/api.w.org\/{rel}","templated":true}]}}