{"id":1298,"date":"2018-11-26T09:20:48","date_gmt":"2018-11-26T08:20:48","guid":{"rendered":"https:\/\/test.guidesofzagreb.com\/?page_id=1298"},"modified":"2019-02-13T18:29:41","modified_gmt":"2019-02-13T17:29:41","slug":"program-doobrazovanja-i-ostalih-aktivnosti","status":"publish","type":"page","link":"https:\/\/test.guidesofzagreb.com\/en\/program-doobrazovanja-i-ostalih-aktivnosti\/","title":{"rendered":"Program doobrazovanja i ostalih aktivnosti"},"content":{"rendered":"<p><img fetchpriority=\"high\" decoding=\"async\" class=\"wp-image-2571 alignright\" src=\"https:\/\/test.guidesofzagreb.com\/wp-content\/uploads\/2019\/02\/learn-1820039_1920-300x200.jpg\" alt=\"\" width=\"548\" height=\"365\" srcset=\"https:\/\/test.guidesofzagreb.com\/wp-content\/uploads\/2019\/02\/learn-1820039_1920-300x200.jpg 300w, https:\/\/test.guidesofzagreb.com\/wp-content\/uploads\/2019\/02\/learn-1820039_1920-768x511.jpg 768w, https:\/\/test.guidesofzagreb.com\/wp-content\/uploads\/2019\/02\/learn-1820039_1920-1024x682.jpg 1024w, https:\/\/test.guidesofzagreb.com\/wp-content\/uploads\/2019\/02\/learn-1820039_1920.jpg 1920w\" sizes=\"(max-width: 548px) 100vw, 548px\" \/><\/p>\n<h1>TRENUTNO NEMA PROGRAMA ZA DOOBRAZOVANJE I OSTALIH AKTIVNOSTI!<\/h1>\n<p>Ugodan ostatak dana Vam \u017eeli Dru\u0161tvo turisti\u010dkih vodi\u010da Zagreba i Srednjohrvatske makroregije! \ud83d\ude42<\/p>\n<div><\/div>","protected":false},"excerpt":{"rendered":"<div class=\"slide-text-bg2\"><span>TRENUTNO NEMA PROGRAMA ZA DOOBRAZOVANJE I OSTALIH AKTIVNOSTI! Ugodan ostatak dana Vam \u017eeli Dru\u0161tvo turisti\u010dkih vodi\u010da Zagreba i Srednjohrvatske makrore<\/span><\/div>\n<div class=\"slide-btn-area-sm\"><a href=\"https:\/\/test.guidesofzagreb.com\/en\/program-doobrazovanja-i-ostalih-aktivnosti\/\" class=\"slide-btn-sm\">Read More<\/a><\/div>","protected":false},"author":1,"featured_media":0,"parent":0,"menu_order":0,"comment_status":"closed","ping_status":"closed","template":"","meta":{"footnotes":""},"class_list":["post-1298","page","type-page","status-publish","hentry"],"_links":{"self":[{"href":"https:\/\/test.guidesofzagreb.com\/en\/wp-json\/wp\/v2\/pages\/1298","targetHints":{"allow":["GET"]}}],"collection":[{"href":"https:\/\/test.guidesofzagreb.com\/en\/wp-json\/wp\/v2\/pages"}],"about":[{"href":"https:\/\/test.guidesofzagreb.com\/en\/wp-json\/wp\/v2\/types\/page"}],"author":[{"embeddable":true,"href":"https:\/\/test.guidesofzagreb.com\/en\/wp-json\/wp\/v2\/users\/1"}],"replies":[{"embeddable":true,"href":"https:\/\/test.guidesofzagreb.com\/en\/wp-json\/wp\/v2\/comments?post=1298"}],"version-history":[{"count":43,"href":"https:\/\/test.guidesofzagreb.com\/en\/wp-json\/wp\/v2\/pages\/1298\/revisions"}],"predecessor-version":[{"id":2572,"href":"https:\/\/test.guidesofzagreb.com\/en\/wp-json\/wp\/v2\/pages\/1298\/revisions\/2572"}],"wp:attachment":[{"href":"https:\/\/test.guidesofzagreb.com\/en\/wp-json\/wp\/v2\/media?parent=1298"}],"curies":[{"name":"wp","href":"https:\/\/api.w.org\/{rel}","templated":true}]}}